{"id":128,"date":"2024-06-13T15:16:37","date_gmt":"2024-06-13T15:16:37","guid":{"rendered":"https:\/\/helvar.bonsaidev.nl\/?page_id=128"},"modified":"2025-03-27T14:12:05","modified_gmt":"2025-03-27T13:12:05","slug":"telechargements-documentation","status":"publish","type":"page","link":"https:\/\/www.helvar.be\/fr\/kennis\/downloads-documentatie\/","title":{"rendered":"T\u00e9l\u00e9chargements et documentation"},"content":{"rendered":"<style type=\"text\/css\" data-created_by=\"avia_inline_auto\" id=\"style-css-av-6a83lk-b43857f1af4ee303247d09b911680f0d\">\n.avia-section.av-6a83lk-b43857f1af4ee303247d09b911680f0d{\nbackground-repeat:no-repeat;\nbackground-image:url(https:\/\/www.helvar.be\/wp-content\/uploads\/2024\/06\/bg-subpaginas.jpg);\nbackground-position:50% 50%;\nbackground-attachment:scroll;\n}\n<\/style>\n<div id='banner-tekst1'  class='avia-section av-6a83lk-b43857f1af4ee303247d09b911680f0d main_color avia-section-default avia-no-border-styling  avia-builder-el-0  el_before_av_section  avia-builder-el-first  avia-full-stretch avia-bg-style-scroll container_wrap fullsize'  data-section-bg-repeat='stretch'><div class='container av-section-cont-open' ><main  role=\"main\" itemprop=\"mainContentOfPage\"  class='template-page content  av-content-full alpha units'><div class='post-entry post-entry-type-page post-entry-128'><div class='entry-content-wrapper clearfix'>\n\n<style type=\"text\/css\" data-created_by=\"avia_inline_auto\" id=\"style-css-av-16i6w-3a3457dbe8854d6d721cec8ba6457329\">\n#top .av_textblock_section.av-16i6w-3a3457dbe8854d6d721cec8ba6457329 .avia_textblock{\ncolor:#ffffff;\n}\n<\/style>\n<section  class='av_textblock_section av-16i6w-3a3457dbe8854d6d721cec8ba6457329'   itemscope=\"itemscope\" itemtype=\"https:\/\/schema.org\/CreativeWork\" ><div class='av-small-hide av-mini-hide avia_textblock av_inherit_color'  itemprop=\"text\" ><div class=\"breadcrumb breadcrumbs avia-breadcrumbs\"><div class=\"breadcrumb-trail\" ><span class=\"trail-before\"><span class=\"breadcrumb-title\">Vous \u00eates ici :<\/span><\/span> <span  itemscope=\"itemscope\" itemtype=\"https:\/\/schema.org\/BreadcrumbList\" ><span  itemscope=\"itemscope\" itemtype=\"https:\/\/schema.org\/ListItem\" itemprop=\"itemListElement\" ><a itemprop=\"url\" href=\"https:\/\/www.helvar.be\/fr\" title=\"Helvar\" rel=\"home\" class=\"trail-begin\"><span itemprop=\"name\">Accueil<\/span><\/a><span itemprop=\"position\" class=\"hidden\">1<\/span><\/span><\/span><\/div><\/div>\n<\/div><\/section>\n<div class='flex_column_table av-61j1jc-7fa3432f64cedc158022d2bb7789a427 sc-av_one_half av-equal-height-column-flextable'><div  class='flex_column av-61j1jc-7fa3432f64cedc158022d2bb7789a427 av_one_half  avia-builder-el-2  el_after_av_textblock  el_before_av_one_half  first flex_column_table_cell av-equal-height-column av-align-middle  column-top-margin'     ><style type=\"text\/css\" data-created_by=\"avia_inline_auto\" id=\"style-css-av-lxehem7i-c0d89f0b2bd04b299bed4bc1f97b118a\">\n#top .av_textblock_section.av-lxehem7i-c0d89f0b2bd04b299bed4bc1f97b118a .avia_textblock{\ncolor:#ffffff;\n}\n<\/style>\n<section  class='av_textblock_section av-lxehem7i-c0d89f0b2bd04b299bed4bc1f97b118a'   itemscope=\"itemscope\" itemtype=\"https:\/\/schema.org\/CreativeWork\" ><div class='avia_textblock av_inherit_color'  itemprop=\"text\" ><h1>Downloads \u2028&amp; documentatie<\/h1>\n<\/div><\/section><\/div><div class='av-flex-placeholder'><\/div><div  class='flex_column av-5vcl1s-986ac8a9816d445fd4ef08a6e9c6ad27 av_one_half  avia-builder-el-4  el_after_av_one_half  avia-builder-el-last  banner-blok-rechts flex_column_table_cell av-equal-height-column av-align-middle  column-top-margin'     ><style type=\"text\/css\" data-created_by=\"avia_inline_auto\" id=\"style-css-av-lxeher07-a2983c6dd1a634e0ce6441e4c304282c\">\n#top .av_textblock_section.av-lxeher07-a2983c6dd1a634e0ce6441e4c304282c .avia_textblock{\nfont-size:18px;\ncolor:#ffffff;\n}\n<\/style>\n<section  class='av_textblock_section av-lxeher07-a2983c6dd1a634e0ce6441e4c304282c'   itemscope=\"itemscope\" itemtype=\"https:\/\/schema.org\/CreativeWork\" ><div class='avia_textblock banner-tekst av_inherit_color'  itemprop=\"text\" ><p>T\u00e9l\u00e9chargez ici nos textes de sp\u00e9cification, notre dernier catalogue, nos logiciels et d'autres fichiers.<\/p>\n<\/div><\/section><\/div><\/div><!--close column table wrapper. Autoclose: 1 -->\n\n<\/div><\/div><\/main><!-- close content main element --><\/div><\/div><div id='av_section_2'  class='avia-section av-5nppzk-097cbb7ee7b228196658ad04bea20389 main_color avia-section-default avia-no-border-styling  avia-builder-el-6  el_after_av_section  el_before_av_layout_row  avia-bg-style-scroll container_wrap fullsize'  ><div class='container av-section-cont-open' ><div class='template-page content  av-content-full alpha units'><div class='post-entry post-entry-type-page post-entry-128'><div class='entry-content-wrapper clearfix'>\n\n<style type=\"text\/css\" data-created_by=\"avia_inline_auto\" id=\"style-css-av-6uw7s-f6cb1a75ed6df620d2d2d9de6492e0cc\">\n#top .flex_column.av-6uw7s-f6cb1a75ed6df620d2d2d9de6492e0cc{\nmargin-top:-230px;\nmargin-bottom:0px;\n}\n.responsive #top #wrap_all .flex_column.av-6uw7s-f6cb1a75ed6df620d2d2d9de6492e0cc{\nmargin-top:-230px;\nmargin-bottom:0px;\n}\n<\/style>\n<div  class='flex_column av-6uw7s-f6cb1a75ed6df620d2d2d9de6492e0cc av_one_full  avia-builder-el-7  avia-builder-el-no-sibling  first flex_column_div'     ><\/div>\n\n<\/div><\/div><\/div><!-- close content main div --><\/div><\/div><div id='av-layout-grid-1'  class='av-layout-grid-container av-15cq8g-90c74f80a3bcc4b3dfeb8c81e1f46907 entry-content-wrapper main_color av-flex-cells  avia-builder-el-9  el_after_av_section  avia-builder-el-last  grid-row-not-first  container_wrap fullsize'  >\n\n<style type=\"text\/css\" data-created_by=\"avia_inline_auto\" id=\"style-css-av-yr3g8-06dfcc4090dd3047a8e311f70f496a19\">\n.flex_cell.av-yr3g8-06dfcc4090dd3047a8e311f70f496a19{\nvertical-align:top;\nheight:610px;\nmin-height:610px;\nbackground:url(https:\/\/www.helvar.be\/wp-content\/uploads\/2024\/06\/mercedes-flagship1-web-2.jpg) 50% 50% no-repeat scroll ;\n}\n<\/style>\n<div class='flex_cell av-yr3g8-06dfcc4090dd3047a8e311f70f496a19 av-gridrow-cell av_one_half no_margin av-hide-on-mobile  avia-builder-el-10  el_before_av_cell_one_half  avia-builder-el-first  willekeurige-foto content-align-top avia-full-stretch'  ><div class='flex_cell_inner'><\/div><\/div>\n<style type=\"text\/css\" data-created_by=\"avia_inline_auto\" id=\"style-css-av-stieo-bea562cf2ffc792afc0678e4c91bb467\">\n.flex_cell.av-stieo-bea562cf2ffc792afc0678e4c91bb467{\nvertical-align:middle;\nheight:610px;\nmin-height:610px;\nbackground:url(https:\/\/www.helvar.be\/wp-content\/uploads\/2024\/06\/Clip-path-group.png) 50% 50% no-repeat scroll ;\n}\n.responsive #top #wrap_all .flex_cell.av-stieo-bea562cf2ffc792afc0678e4c91bb467{\npadding:80px 80px 80px 80px !important;\n}\n\n@media only screen and (min-width: 480px) and (max-width: 767px){ \n.responsive #top #wrap_all .flex_cell.av-stieo-bea562cf2ffc792afc0678e4c91bb467{\npadding:40px 40px 40px 40px !important;\n}\n}\n\n@media only screen and (max-width: 479px){ \n.responsive #top #wrap_all .flex_cell.av-stieo-bea562cf2ffc792afc0678e4c91bb467{\npadding:40px 40px 40px 40px !important;\n}\n}\n<\/style>\n<div class='flex_cell av-stieo-bea562cf2ffc792afc0678e4c91bb467 av-gridrow-cell av_one_half no_margin  avia-builder-el-11  el_after_av_cell_one_half  avia-builder-el-last  content-align-middle avia-full-stretch'  ><div class='flex_cell_inner'>\n<style type=\"text\/css\" data-created_by=\"avia_inline_auto\" id=\"style-css-av-ij8xk-8bf83ca4dd5dbc9924822fa25e45475e\">\n#top .av_textblock_section.av-ij8xk-8bf83ca4dd5dbc9924822fa25e45475e .avia_textblock{\nfont-size:18px;\ncolor:#ffffff;\n}\n<\/style>\n<section  class='av_textblock_section av-ij8xk-8bf83ca4dd5dbc9924822fa25e45475e'   itemscope=\"itemscope\" itemtype=\"https:\/\/schema.org\/CreativeWork\" ><div class='avia_textblock cta-tekst av_inherit_color'  itemprop=\"text\" ><h2>Plus d'informations ou une offre pour votre projet ?<\/h2>\n<section class=\"av_textblock_section av-jh2oo-06797dd3bb44beeec128bb10e7cf5563\">\n<div class=\"avia_textblock cta-tekst av_inherit_color\">\n<p>Contactez le conseiller de vente de votre r\u00e9gion !<\/p>\n<\/div>\n<\/section>\n<\/div><\/section><br \/>\n\n<style type=\"text\/css\" data-created_by=\"avia_inline_auto\" id=\"style-css-av-f8nn4-cc9f0fb22d7f88c34690ed3ffb31cb5f\">\n#top .hr.hr-invisible.av-f8nn4-cc9f0fb22d7f88c34690ed3ffb31cb5f{\nheight:150px;\n}\n<\/style>\n<div  class='hr av-f8nn4-cc9f0fb22d7f88c34690ed3ffb31cb5f hr-invisible  avia-builder-el-13  el_after_av_textblock  el_before_av_button'><span class='hr-inner'><span class=\"hr-inner-style\"><\/span><\/span><\/div><br \/>\n<div  class='avia-button-wrap av-7mue0-24a75b27bed21a6f681379188bcb7816-wrap avia-button-left  avia-builder-el-14  el_after_av_hr  avia-builder-el-last'><a href='https:\/\/www.helvar.be\/fr\/contact\/'  class='avia-button av-7mue0-24a75b27bed21a6f681379188bcb7816 av-link-btn avia-icon_select-no avia-size-small avia-position-left avia-color-theme-color-highlight'   aria-label=\"Contact\"><span class='avia_iconbox_title' >Contact<\/span><\/a><\/div><\/p>\n<\/div><\/div>\n<\/div>","protected":false},"excerpt":{"rendered":"","protected":false},"author":1,"featured_media":0,"parent":29,"menu_order":0,"comment_status":"closed","ping_status":"closed","template":"","meta":{"_acf_changed":false,"footnotes":""},"class_list":["post-128","page","type-page","status-publish","hentry"],"acf":[],"yoast_head":"<!-- This site is optimized with the Yoast SEO plugin v27.3 - https:\/\/yoast.com\/product\/yoast-seo-wordpress\/ -->\n<title>Downloads &amp; documentatie - Helvar<\/title>\n<meta name=\"robots\" content=\"index, follow, max-snippet:-1, max-image-preview:large, max-video-preview:-1\" \/>\n<link rel=\"canonical\" href=\"https:\/\/www.helvar.be\/fr\/connaissances\/telechargements-documentation\/\" \/>\n<meta property=\"og:locale\" content=\"fr_FR\" \/>\n<meta property=\"og:type\" content=\"article\" \/>\n<meta property=\"og:title\" content=\"Downloads &amp; documentatie - Helvar\" \/>\n<meta property=\"og:url\" content=\"https:\/\/www.helvar.be\/fr\/connaissances\/telechargements-documentation\/\" \/>\n<meta property=\"og:site_name\" content=\"Helvar\" \/>\n<meta property=\"article:modified_time\" content=\"2025-03-27T13:12:05+00:00\" \/>\n<meta name=\"twitter:card\" content=\"summary_large_image\" \/>\n<meta name=\"twitter:label1\" content=\"Dur\u00e9e de lecture estim\u00e9e\" \/>\n\t<meta name=\"twitter:data1\" content=\"1 minute\" \/>\n<script type=\"application\/ld+json\" class=\"yoast-schema-graph\">{\"@context\":\"https:\\\/\\\/schema.org\",\"@graph\":[{\"@type\":\"WebPage\",\"@id\":\"https:\\\/\\\/www.helvar.be\\\/kennis\\\/downloads-documentatie\\\/\",\"url\":\"https:\\\/\\\/www.helvar.be\\\/kennis\\\/downloads-documentatie\\\/\",\"name\":\"Downloads & documentatie - Helvar\",\"isPartOf\":{\"@id\":\"https:\\\/\\\/www.helvar.be\\\/#website\"},\"datePublished\":\"2024-06-13T15:16:37+00:00\",\"dateModified\":\"2025-03-27T13:12:05+00:00\",\"breadcrumb\":{\"@id\":\"https:\\\/\\\/www.helvar.be\\\/kennis\\\/downloads-documentatie\\\/#breadcrumb\"},\"inLanguage\":\"fr-FR\",\"potentialAction\":[{\"@type\":\"ReadAction\",\"target\":[\"https:\\\/\\\/www.helvar.be\\\/kennis\\\/downloads-documentatie\\\/\"]}]},{\"@type\":\"BreadcrumbList\",\"@id\":\"https:\\\/\\\/www.helvar.be\\\/kennis\\\/downloads-documentatie\\\/#breadcrumb\",\"itemListElement\":[{\"@type\":\"ListItem\",\"position\":1,\"name\":\"Home\",\"item\":\"https:\\\/\\\/www.helvar.be\\\/home\\\/\"},{\"@type\":\"ListItem\",\"position\":2,\"name\":\"Kennis\",\"item\":\"https:\\\/\\\/www.helvar.be\\\/kennis\\\/\"},{\"@type\":\"ListItem\",\"position\":3,\"name\":\"Downloads &#038; documentatie\"}]},{\"@type\":\"WebSite\",\"@id\":\"https:\\\/\\\/www.helvar.be\\\/#website\",\"url\":\"https:\\\/\\\/www.helvar.be\\\/\",\"name\":\"Helvar\",\"description\":\"Specialist in intelligente oplossingen voor de verlichtings\u00adindustrie\",\"potentialAction\":[{\"@type\":\"SearchAction\",\"target\":{\"@type\":\"EntryPoint\",\"urlTemplate\":\"https:\\\/\\\/www.helvar.be\\\/?s={search_term_string}\"},\"query-input\":{\"@type\":\"PropertyValueSpecification\",\"valueRequired\":true,\"valueName\":\"search_term_string\"}}],\"inLanguage\":\"fr-FR\"}]}<\/script>\n<!-- \/ Yoast SEO plugin. -->","yoast_head_json":{"title":"T\u00e9l\u00e9chargements et documentation - Helvar","robots":{"index":"index","follow":"follow","max-snippet":"max-snippet:-1","max-image-preview":"max-image-preview:large","max-video-preview":"max-video-preview:-1"},"canonical":"https:\/\/www.helvar.be\/fr\/connaissances\/telechargements-documentation\/","og_locale":"fr_FR","og_type":"article","og_title":"Downloads & documentatie - Helvar","og_url":"https:\/\/www.helvar.be\/fr\/connaissances\/telechargements-documentation\/","og_site_name":"Helvar","article_modified_time":"2025-03-27T13:12:05+00:00","twitter_card":"summary_large_image","twitter_misc":{"Dur\u00e9e de lecture estim\u00e9e":"1 minute"},"schema":{"@context":"https:\/\/schema.org","@graph":[{"@type":"WebPage","@id":"https:\/\/www.helvar.be\/kennis\/downloads-documentatie\/","url":"https:\/\/www.helvar.be\/kennis\/downloads-documentatie\/","name":"T\u00e9l\u00e9chargements et documentation - Helvar","isPartOf":{"@id":"https:\/\/www.helvar.be\/#website"},"datePublished":"2024-06-13T15:16:37+00:00","dateModified":"2025-03-27T13:12:05+00:00","breadcrumb":{"@id":"https:\/\/www.helvar.be\/kennis\/downloads-documentatie\/#breadcrumb"},"inLanguage":"fr-FR","potentialAction":[{"@type":"ReadAction","target":["https:\/\/www.helvar.be\/kennis\/downloads-documentatie\/"]}]},{"@type":"BreadcrumbList","@id":"https:\/\/www.helvar.be\/kennis\/downloads-documentatie\/#breadcrumb","itemListElement":[{"@type":"ListItem","position":1,"name":"Home","item":"https:\/\/www.helvar.be\/home\/"},{"@type":"ListItem","position":2,"name":"Kennis","item":"https:\/\/www.helvar.be\/kennis\/"},{"@type":"ListItem","position":3,"name":"Downloads &#038; documentatie"}]},{"@type":"WebSite","@id":"https:\/\/www.helvar.be\/#website","url":"https:\/\/www.helvar.be\/","name":"Helvar","description":"Sp\u00e9cialiste des solutions intelligentes pour l'industrie de l'\u00e9clairage","potentialAction":[{"@type":"SearchAction","target":{"@type":"EntryPoint","urlTemplate":"https:\/\/www.helvar.be\/?s={search_term_string}"},"query-input":{"@type":"PropertyValueSpecification","valueRequired":true,"valueName":"search_term_string"}}],"inLanguage":"fr-FR"}]}},"_links":{"self":[{"href":"https:\/\/www.helvar.be\/fr\/wp-json\/wp\/v2\/pages\/128","targetHints":{"allow":["GET"]}}],"collection":[{"href":"https:\/\/www.helvar.be\/fr\/wp-json\/wp\/v2\/pages"}],"about":[{"href":"https:\/\/www.helvar.be\/fr\/wp-json\/wp\/v2\/types\/page"}],"author":[{"embeddable":true,"href":"https:\/\/www.helvar.be\/fr\/wp-json\/wp\/v2\/users\/1"}],"replies":[{"embeddable":true,"href":"https:\/\/www.helvar.be\/fr\/wp-json\/wp\/v2\/comments?post=128"}],"version-history":[{"count":0,"href":"https:\/\/www.helvar.be\/fr\/wp-json\/wp\/v2\/pages\/128\/revisions"}],"up":[{"embeddable":true,"href":"https:\/\/www.helvar.be\/fr\/wp-json\/wp\/v2\/pages\/29"}],"wp:attachment":[{"href":"https:\/\/www.helvar.be\/fr\/wp-json\/wp\/v2\/media?parent=128"}],"curies":[{"name":"wp","href":"https:\/\/api.w.org\/{rel}","templated":true}]}}