{"id":130,"date":"2024-06-13T15:16:49","date_gmt":"2024-06-13T15:16:49","guid":{"rendered":"https:\/\/helvar.bonsaidev.nl\/?page_id=130"},"modified":"2025-08-22T09:33:21","modified_gmt":"2025-08-22T07:33:21","slug":"calcul-dali","status":"publish","type":"page","link":"https:\/\/www.helvar.be\/fr\/kennis\/dali-calculeren\/","title":{"rendered":"Calcul DALI"},"content":{"rendered":"<style type=\"text\/css\" data-created_by=\"avia_inline_auto\" id=\"style-css-av-2y18a-4f4a0f8a20bbc6852c2ee44ac5577749\">\n.avia-section.av-2y18a-4f4a0f8a20bbc6852c2ee44ac5577749{\nbackground-color:#000000;\nbackground-image:url(https:\/\/www.helvar.be\/wp-content\/uploads\/2024\/06\/bg-subpaginas.jpg);\nbackground-repeat:no-repeat;\nbackground-position:50% 50%;\nbackground-attachment:scroll;\n}\n<\/style>\n<div id='banner-tekst1'  class='avia-section av-2y18a-4f4a0f8a20bbc6852c2ee44ac5577749 main_color avia-section-default avia-no-border-styling  avia-builder-el-0  el_before_av_section  avia-builder-el-first  avia-full-stretch avia-bg-style-scroll container_wrap fullsize'  data-section-bg-repeat='stretch'><div class='container av-section-cont-open' ><main  role=\"main\" itemprop=\"mainContentOfPage\"  class='template-page content  av-content-full alpha units'><div class='post-entry post-entry-type-page post-entry-130'><div class='entry-content-wrapper clearfix'>\n\n<style type=\"text\/css\" data-created_by=\"avia_inline_auto\" id=\"style-css-av-74bq2-b5b1d857bede841f0a8d4b5a9659a682\">\n#top .av_textblock_section.av-74bq2-b5b1d857bede841f0a8d4b5a9659a682 .avia_textblock{\ncolor:#ffffff;\n}\n<\/style>\n<section  class='av_textblock_section av-74bq2-b5b1d857bede841f0a8d4b5a9659a682'   itemscope=\"itemscope\" itemtype=\"https:\/\/schema.org\/CreativeWork\" ><div class='av-small-hide av-mini-hide avia_textblock av_inherit_color'  itemprop=\"text\" ><div class=\"breadcrumb breadcrumbs avia-breadcrumbs\"><div class=\"breadcrumb-trail\" ><span class=\"trail-before\"><span class=\"breadcrumb-title\">Vous \u00eates ici :<\/span><\/span> <span  itemscope=\"itemscope\" itemtype=\"https:\/\/schema.org\/BreadcrumbList\" ><span  itemscope=\"itemscope\" itemtype=\"https:\/\/schema.org\/ListItem\" itemprop=\"itemListElement\" ><a itemprop=\"url\" href=\"https:\/\/www.helvar.be\/fr\" title=\"Helvar\" rel=\"home\" class=\"trail-begin\"><span itemprop=\"name\">Accueil<\/span><\/a><span itemprop=\"position\" class=\"hidden\">1<\/span><\/span><\/span><\/div><\/div>\n<\/div><\/section>\n<div class='flex_column_table av-l0sp6-ff26512263dd3a4f0465ebf9b44c9cbc sc-av_one_half av-equal-height-column-flextable'><div  class='flex_column av-l0sp6-ff26512263dd3a4f0465ebf9b44c9cbc av_one_half  avia-builder-el-2  el_after_av_textblock  el_before_av_one_half  first flex_column_table_cell av-equal-height-column av-align-middle  column-top-margin'     ><style type=\"text\/css\" data-created_by=\"avia_inline_auto\" id=\"style-css-av-m5wbso4p-792626a83a20e029bb25305ab190d30d\">\n#top .av_textblock_section.av-m5wbso4p-792626a83a20e029bb25305ab190d30d .avia_textblock{\ncolor:#ffffff;\n}\n<\/style>\n<section  class='av_textblock_section av-m5wbso4p-792626a83a20e029bb25305ab190d30d'   itemscope=\"itemscope\" itemtype=\"https:\/\/schema.org\/CreativeWork\" ><div class='avia_textblock av_inherit_color'  itemprop=\"text\" ><h1>Calcul DALI<\/h1>\n<\/div><\/section><\/div><div class='av-flex-placeholder'><\/div><div  class='flex_column av-f2p4y-e5f90fa34dff387266b7caf3a37890ec av_one_half  avia-builder-el-4  el_after_av_one_half  avia-builder-el-last  banner-blok-rechts flex_column_table_cell av-equal-height-column av-align-middle  column-top-margin'     ><style type=\"text\/css\" data-created_by=\"avia_inline_auto\" id=\"style-css-av-m5wbssy8-3886b1fa9bd4e44c5c1bd8fbf7adea60\">\n#top .av_textblock_section.av-m5wbssy8-3886b1fa9bd4e44c5c1bd8fbf7adea60 .avia_textblock{\nfont-size:18px;\ncolor:#ffffff;\n}\n<\/style>\n<section  class='av_textblock_section av-m5wbssy8-3886b1fa9bd4e44c5c1bd8fbf7adea60'   itemscope=\"itemscope\" itemtype=\"https:\/\/schema.org\/CreativeWork\" ><div class='avia_textblock banner-tekst av_inherit_color'  itemprop=\"text\" ><p>Nous avons cr\u00e9\u00e9 un outil de calcul simple qui, une fois rempli, vous permet de voir imm\u00e9diatement combien de lignes DALI sont n\u00e9cessaires pour votre projet. En outre, il nous aide \u00e0 vous fournir un devis dans les d\u00e9lais impartis.<\/p>\n<\/div><\/section><\/div><\/div><!--close column table wrapper. Autoclose: 1 -->\n\n<\/div><\/div><\/main><!-- close content main element --><\/div><\/div><div id='av_section_2'  class='avia-section av-w3pt6-ae760c981994440afb8d2a620ff69719 main_color avia-section-default avia-no-border-styling  avia-builder-el-6  el_after_av_section  el_before_av_layout_row  avia-bg-style-scroll container_wrap fullsize'  ><div class='container av-section-cont-open' ><div class='template-page content  av-content-full alpha units'><div class='post-entry post-entry-type-page post-entry-130'><div class='entry-content-wrapper clearfix'>\n<div class='flex_column_table av-qzboy-31180a0326b0a7d1a1bc5b1c8c89a031 sc-av_one_fifth av-equal-height-column-flextable'>\n<style type=\"text\/css\" data-created_by=\"avia_inline_auto\" id=\"style-css-av-qzboy-31180a0326b0a7d1a1bc5b1c8c89a031\">\n#top .flex_column_table.av-equal-height-column-flextable.av-qzboy-31180a0326b0a7d1a1bc5b1c8c89a031{\nmargin-top:-230px;\n}\n.flex_column.av-qzboy-31180a0326b0a7d1a1bc5b1c8c89a031{\nbackground-color:#ffffff;\n}\n<\/style>\n<div  class='flex_column av-qzboy-31180a0326b0a7d1a1bc5b1c8c89a031 av_one_fifth  avia-builder-el-7  el_before_av_three_fifth  avia-builder-el-first  first no_margin flex_column_table_cell av-equal-height-column av-align-top'     ><\/div>\n<style type=\"text\/css\" data-created_by=\"avia_inline_auto\" id=\"style-css-av-k695u-b36a78ea5a7dea15bca2f2334d1ac9af\">\n#top .flex_column_table.av-equal-height-column-flextable.av-k695u-b36a78ea5a7dea15bca2f2334d1ac9af{\nmargin-top:-230px;\n}\n.flex_column.av-k695u-b36a78ea5a7dea15bca2f2334d1ac9af{\npadding:80px 0 0 0;\nbackground-color:#ffffff;\n}\n\n@media only screen and (min-width: 480px) and (max-width: 767px){ \n.flex_column.av-k695u-b36a78ea5a7dea15bca2f2334d1ac9af{\npadding:30px 30px 0 30px;\n}\n}\n\n@media only screen and (max-width: 479px){ \n.flex_column.av-k695u-b36a78ea5a7dea15bca2f2334d1ac9af{\npadding:20px 20px 0 20px;\n}\n}\n<\/style>\n<div  class='flex_column av-k695u-b36a78ea5a7dea15bca2f2334d1ac9af av_three_fifth  avia-builder-el-8  el_after_av_one_fifth  el_before_av_one_fifth  no_margin flex_column_table_cell av-equal-height-column av-align-top'     ><section  class='av_textblock_section av-m5wfkb8f-eb1c4a9c4d6ee2c7b74b8518ac9a8203'   itemscope=\"itemscope\" itemtype=\"https:\/\/schema.org\/CreativeWork\" ><div class='avia_textblock'  itemprop=\"text\" ><h3><\/h3>\n<h3><\/h3>\n<h2 style=\"text-align: center;\">Feuille de route<\/h2>\n<\/div><\/section><br \/>\n\n<style type=\"text\/css\" data-created_by=\"avia_inline_auto\" id=\"style-css-av-m9gq5hqa-c5cc03fe0657a3de108bb9afdf6098c4\">\n#top .hr.hr-invisible.av-m9gq5hqa-c5cc03fe0657a3de108bb9afdf6098c4{\nheight:50px;\n}\n<\/style>\n<div  class='hr av-m9gq5hqa-c5cc03fe0657a3de108bb9afdf6098c4 hr-invisible  avia-builder-el-10  el_after_av_textblock  el_before_av_textblock'><span class='hr-inner'><span class=\"hr-inner-style\"><\/span><\/span><\/div><br \/>\n<section  class='av_textblock_section av-y6xde-f7e144e640dc7ae79874ac39508480aa'   itemscope=\"itemscope\" itemtype=\"https:\/\/schema.org\/CreativeWork\" ><div class='avia_textblock'  itemprop=\"text\" ><h4><img decoding=\"async\" class=\"wp-image-199 aligncenter\" src=\"https:\/\/www.helvar.nl\/wp-content\/uploads\/2024\/06\/icon-arrow.png\" alt=\"\" width=\"40\" height=\"40\" srcset=\"https:\/\/www.helvar.be\/wp-content\/uploads\/2024\/06\/icon-arrow.png 80w, https:\/\/www.helvar.be\/wp-content\/uploads\/2024\/06\/icon-arrow-36x36.png 36w\" sizes=\"(max-width: 40px) 100vw, 40px\" \/><\/h4>\n<h4 style=\"text-align: left;\">\u00ad<br \/>\n1. <strong>Assurez-vous d'avoir une vue d'ensemble des composants<br \/>\n<\/strong><\/h4>\n<ul>\n<li>nombre de luminaires DALI<\/li>\n<li>le nombre de luminaires non DALI (doivent-ils pouvoir \u00eatre commut\u00e9s ou grad\u00e9s via DALI et dans combien de groupes)<\/li>\n<li>nombre de luminaires d'\u00e9clairage de secours avec interface DALI<\/li>\n<li>nombre de d\u00e9tecteurs<\/li>\n<li>nombre de panneaux de contr\u00f4le ou d'interrupteurs \u00e0 impulsion<\/li>\n<li>nombre de relais\/de variateurs<\/li>\n<li>nombre de contacts d'entr\u00e9e pour les messages de d\u00e9faut ou la commutation par un syst\u00e8me externe (par ex. BMS)<\/li>\n<li>nombre d'unit\u00e9s d'ombrage<br \/>\n\u00ad<\/li>\n<\/ul>\n<h4 style=\"text-align: center;\"><img decoding=\"async\" class=\"wp-image-199 aligncenter\" src=\"https:\/\/www.helvar.nl\/wp-content\/uploads\/2024\/06\/icon-arrow.png\" alt=\"\" width=\"40\" height=\"40\" srcset=\"https:\/\/www.helvar.be\/wp-content\/uploads\/2024\/06\/icon-arrow.png 80w, https:\/\/www.helvar.be\/wp-content\/uploads\/2024\/06\/icon-arrow-36x36.png 36w\" sizes=\"(max-width: 40px) 100vw, 40px\" \/><\/h4>\n<h4><strong>\u00ad<br \/>\n<\/strong><strong>2. Remplir la feuille de calcul DALI<br \/>\n<\/strong><\/h4>\n<ul>\n<li>Pour chaque \u00e9tage ou zone, comptez tous les appareils et composants et inscrivez-les sur la feuille de calcul.<\/li>\n<li>Le nombre de lignes DALI n\u00e9cessaires est indiqu\u00e9 sur la feuille de calcul. En utilisant le nombre le plus \u00e9lev\u00e9 (adresses ou mA), d\u00e9terminez le nombre d'alimentations ou de routeurs DALI.<\/li>\n<\/ul>\n<\/div><\/section><br \/>\n<div  class='avia-button-wrap av-th7sy-f7cd501cc23f97d11f7386ee23e356d7-wrap avia-button-left  avia-builder-el-12  el_after_av_textblock  el_before_av_textblock'><a href='\/wp-content\/uploads\/2026\/02\/Calculatiesheet-DALI-v2-Fr-EN.xlsx'  class='avia-button av-th7sy-f7cd501cc23f97d11f7386ee23e356d7 av-link-btn avia-icon_select-no avia-size-small avia-position-left avia-color-theme-color-subtle'   aria-label=\"T\u00e9l\u00e9charger la feuille de calcul\"><span class='avia_iconbox_title' >T\u00e9l\u00e9charger la feuille de calcul<\/span><\/a><\/div><br \/>\n<section  class='av_textblock_section av-mv41m-69bbd6df11b2d7c81d176ddf117f6749'   itemscope=\"itemscope\" itemtype=\"https:\/\/schema.org\/CreativeWork\" ><div class='avia_textblock'  itemprop=\"text\" ><h4 style=\"text-align: center;\"><img decoding=\"async\" class=\"wp-image-199 aligncenter\" src=\"https:\/\/www.helvar.nl\/wp-content\/uploads\/2024\/06\/icon-arrow.png\" alt=\"\" width=\"40\" height=\"40\" srcset=\"https:\/\/www.helvar.be\/wp-content\/uploads\/2024\/06\/icon-arrow.png 80w, https:\/\/www.helvar.be\/wp-content\/uploads\/2024\/06\/icon-arrow-36x36.png 36w\" sizes=\"(max-width: 40px) 100vw, 40px\" \/><\/h4>\n<h4><b>\u00ad<br \/>\n3. Assurez-vous d'avoir une vue d'ensemble de l'installation<br \/>\n<\/b><\/h4>\n<ul>\n<li>nom et localisation du projet<\/li>\n<li>d\u00e9lai d'ex\u00e9cution de l'offre et \u00e9ventuellement du projet<\/li>\n<li>la programmation doit \u00eatre effectu\u00e9e par Helvar<\/li>\n<li>souhaits concernant les diff\u00e9rents circuits\/messages de retour d'information<\/li>\n<li>les d\u00e9tecteurs doivent \u00eatre \u00e9quip\u00e9s de manchons mont\u00e9s en surface<\/li>\n<li>choix du cadre de recouvrement pour les panneaux de contr\u00f4le<\/li>\n<li>une commande centrale via un \u00e9cran tactile est souhait\u00e9e<\/li>\n<li>Un lien vers le syst\u00e8me de gestion du b\u00e2timent ou une autre installation est-il souhait\u00e9 ?<\/li>\n<li>la formation aux logiciels suscite-t-elle de l'int\u00e9r\u00eat ?<\/li>\n<li>tous les dessins\/calculs d'\u00e9clairage<\/li>\n<li>toute autre question pour laquelle vous souhaitez une r\u00e9ponse ou un conseil<\/li>\n<\/ul>\n<h4 style=\"text-align: center;\">\u00ad<br \/>\n<img decoding=\"async\" class=\"wp-image-199 aligncenter\" src=\"https:\/\/www.helvar.nl\/wp-content\/uploads\/2024\/06\/icon-arrow.png\" alt=\"\" width=\"40\" height=\"40\" srcset=\"https:\/\/www.helvar.be\/wp-content\/uploads\/2024\/06\/icon-arrow.png 80w, https:\/\/www.helvar.be\/wp-content\/uploads\/2024\/06\/icon-arrow-36x36.png 36w\" sizes=\"(max-width: 40px) 100vw, 40px\" \/>\u00ad<\/h4>\n<h4><strong>4. Contactez notre service de calcul<br \/>\n<\/strong><\/h4>\n<p>Envoyez les feuilles de calcul \u00e0 notre service de calcul et nous vous contacterons dans les plus brefs d\u00e9lais pour vous proposer un devis adapt\u00e9.<\/p>\n<\/div><\/section><br \/>\n<div  class='avia-button-wrap av-dyseq-167a8be20823ff5bcf87e63260405446-wrap avia-button-left  avia-builder-el-14  el_after_av_textblock  avia-builder-el-last'><a href='mailto:info@helvar.be'  class='avia-button av-dyseq-167a8be20823ff5bcf87e63260405446 av-link-btn avia-icon_select-no avia-size-small avia-position-left avia-color-theme-color'   aria-label=\"Envoyer un courrier au service de calcul\"><span class='avia_iconbox_title' >Envoyer un courrier au service de calcul<\/span><\/a><\/div><\/p><\/div>\n<style type=\"text\/css\" data-created_by=\"avia_inline_auto\" id=\"style-css-av-ax7yq-8e55d4d1499c714bec87e3f4f943281b\">\n#top .flex_column_table.av-equal-height-column-flextable.av-ax7yq-8e55d4d1499c714bec87e3f4f943281b{\nmargin-top:-230px;\n}\n.flex_column.av-ax7yq-8e55d4d1499c714bec87e3f4f943281b{\nbackground-color:#ffffff;\n}\n<\/style>\n<div  class='flex_column av-ax7yq-8e55d4d1499c714bec87e3f4f943281b av_one_fifth  avia-builder-el-15  el_after_av_three_fifth  avia-builder-el-last  no_margin flex_column_table_cell av-equal-height-column av-align-top'     ><\/div><\/div><!--close column table wrapper. Autoclose: 1 --><\/div><\/div><\/div><!-- close content main div --><\/div><\/div><div id='av-layout-grid-1'  class='av-layout-grid-container av-127ere-b185b2b578d12952ba43fcb07a7cc6ca entry-content-wrapper main_color av-flex-cells  avia-builder-el-16  el_after_av_section  avia-builder-el-last  grid-row-not-first  container_wrap fullsize'  >\n\n<style type=\"text\/css\" data-created_by=\"avia_inline_auto\" id=\"style-css-av-y2j6y-349d63ab8a1e1513022e2057a3d4aac2\">\n.flex_cell.av-y2j6y-349d63ab8a1e1513022e2057a3d4aac2{\nvertical-align:top;\nheight:610px;\nmin-height:610px;\nbackground:url(https:\/\/www.helvar.be\/wp-content\/uploads\/2024\/06\/mercedes-flagship1-web-2.jpg) 50% 50% no-repeat scroll ;\n}\n<\/style>\n<div class='flex_cell av-y2j6y-349d63ab8a1e1513022e2057a3d4aac2 av-gridrow-cell av_one_half no_margin  avia-builder-el-17  el_before_av_cell_one_half  avia-builder-el-first  willekeurige-foto content-align-top avia-full-stretch'  ><div class='flex_cell_inner'><\/div><\/div>\n<style type=\"text\/css\" data-created_by=\"avia_inline_auto\" id=\"style-css-av-tq9f6-d2a7771e7e90dd494b36c6ae400dc3e4\">\n.flex_cell.av-tq9f6-d2a7771e7e90dd494b36c6ae400dc3e4{\nvertical-align:middle;\nheight:610px;\nmin-height:610px;\nbackground:url(https:\/\/www.helvar.be\/wp-content\/uploads\/2024\/06\/Clip-path-group.png) 50% 50% no-repeat scroll ;\n}\n.responsive #top #wrap_all .flex_cell.av-tq9f6-d2a7771e7e90dd494b36c6ae400dc3e4{\npadding:80px 80px 80px 80px !important;\n}\n\n@media only screen and (min-width: 480px) and (max-width: 767px){ \n.responsive #top #wrap_all .flex_cell.av-tq9f6-d2a7771e7e90dd494b36c6ae400dc3e4{\npadding:40px 40px 40px 40px !important;\n}\n}\n\n@media only screen and (max-width: 479px){ \n.responsive #top #wrap_all .flex_cell.av-tq9f6-d2a7771e7e90dd494b36c6ae400dc3e4{\npadding:40px 40px 40px 40px !important;\n}\n}\n<\/style>\n<div class='flex_cell av-tq9f6-d2a7771e7e90dd494b36c6ae400dc3e4 av-gridrow-cell av_one_half no_margin  avia-builder-el-18  el_after_av_cell_one_half  avia-builder-el-last  content-align-middle avia-full-stretch'  ><div class='flex_cell_inner'>\n<style type=\"text\/css\" data-created_by=\"avia_inline_auto\" id=\"style-css-av-lmmyq-f7488bbbecaecd675c5f5e0c253a66d3\">\n#top .av_textblock_section.av-lmmyq-f7488bbbecaecd675c5f5e0c253a66d3 .avia_textblock{\nfont-size:18px;\ncolor:#ffffff;\n}\n<\/style>\n<section  class='av_textblock_section av-lmmyq-f7488bbbecaecd675c5f5e0c253a66d3'   itemscope=\"itemscope\" itemtype=\"https:\/\/schema.org\/CreativeWork\" ><div class='avia_textblock cta-tekst av_inherit_color'  itemprop=\"text\" ><h2>Plus d'informations ou une offre pour votre projet ?<\/h2>\n<section class=\"av_textblock_section av-jh2oo-06797dd3bb44beeec128bb10e7cf5563\">\n<div class=\"avia_textblock cta-tekst av_inherit_color\">\n<p>Contactez le conseiller de vente de votre r\u00e9gion !<\/p>\n<\/div>\n<\/section>\n<\/div><\/section><br \/>\n\n<style type=\"text\/css\" data-created_by=\"avia_inline_auto\" id=\"style-css-av-hl962-e1f8bbdfb9f46b1efd052ccc93ccbc23\">\n#top .hr.hr-invisible.av-hl962-e1f8bbdfb9f46b1efd052ccc93ccbc23{\nheight:150px;\n}\n<\/style>\n<div  class='hr av-hl962-e1f8bbdfb9f46b1efd052ccc93ccbc23 hr-invisible  avia-builder-el-20  el_after_av_textblock  el_before_av_button'><span class='hr-inner'><span class=\"hr-inner-style\"><\/span><\/span><\/div><br \/>\n<div  class='avia-button-wrap av-6m66a-2d8ecf12e97159cf98cb634dceb0b5e0-wrap avia-button-left  avia-builder-el-21  el_after_av_hr  avia-builder-el-last'><a href='https:\/\/www.helvar.be\/fr\/contact\/'  class='avia-button av-6m66a-2d8ecf12e97159cf98cb634dceb0b5e0 av-link-btn avia-icon_select-no avia-size-small avia-position-left avia-color-theme-color-highlight'   aria-label=\"Contact\"><span class='avia_iconbox_title' >Contact<\/span><\/a><\/div><\/p>\n<\/div><\/div>\n<\/div><\/p>","protected":false},"excerpt":{"rendered":"","protected":false},"author":1,"featured_media":0,"parent":29,"menu_order":0,"comment_status":"closed","ping_status":"closed","template":"","meta":{"_acf_changed":false,"footnotes":""},"class_list":["post-130","page","type-page","status-publish","hentry"],"acf":[],"yoast_head":"<!-- This site is optimized with the Yoast SEO plugin v27.3 - https:\/\/yoast.com\/product\/yoast-seo-wordpress\/ -->\n<title>DALI calculeren - Helvar<\/title>\n<meta name=\"robots\" content=\"index, follow, max-snippet:-1, max-image-preview:large, max-video-preview:-1\" \/>\n<link rel=\"canonical\" href=\"https:\/\/www.helvar.be\/fr\/connaissances\/calcul-dali\/\" \/>\n<meta property=\"og:locale\" content=\"fr_FR\" \/>\n<meta property=\"og:type\" content=\"article\" \/>\n<meta property=\"og:title\" content=\"DALI calculeren - Helvar\" \/>\n<meta property=\"og:url\" content=\"https:\/\/www.helvar.be\/fr\/connaissances\/calcul-dali\/\" \/>\n<meta property=\"og:site_name\" content=\"Helvar\" \/>\n<meta property=\"article:modified_time\" content=\"2025-08-22T07:33:21+00:00\" \/>\n<meta property=\"og:image\" content=\"https:\/\/www.helvar.be\/wp-content\/uploads\/2024\/06\/icon-arrow.png\" \/>\n\t<meta property=\"og:image:width\" content=\"80\" \/>\n\t<meta property=\"og:image:height\" content=\"80\" \/>\n\t<meta property=\"og:image:type\" content=\"image\/png\" \/>\n<meta name=\"twitter:card\" content=\"summary_large_image\" \/>\n<meta name=\"twitter:label1\" content=\"Dur\u00e9e de lecture estim\u00e9e\" \/>\n\t<meta name=\"twitter:data1\" content=\"3 minutes\" \/>\n<script type=\"application\/ld+json\" class=\"yoast-schema-graph\">{\"@context\":\"https:\\\/\\\/schema.org\",\"@graph\":[{\"@type\":\"WebPage\",\"@id\":\"https:\\\/\\\/www.helvar.be\\\/kennis\\\/dali-calculeren\\\/\",\"url\":\"https:\\\/\\\/www.helvar.be\\\/kennis\\\/dali-calculeren\\\/\",\"name\":\"DALI calculeren - Helvar\",\"isPartOf\":{\"@id\":\"https:\\\/\\\/www.helvar.be\\\/#website\"},\"primaryImageOfPage\":{\"@id\":\"https:\\\/\\\/www.helvar.be\\\/kennis\\\/dali-calculeren\\\/#primaryimage\"},\"image\":{\"@id\":\"https:\\\/\\\/www.helvar.be\\\/kennis\\\/dali-calculeren\\\/#primaryimage\"},\"thumbnailUrl\":\"https:\\\/\\\/www.helvar.nl\\\/wp-content\\\/uploads\\\/2024\\\/06\\\/icon-arrow.png\",\"datePublished\":\"2024-06-13T15:16:49+00:00\",\"dateModified\":\"2025-08-22T07:33:21+00:00\",\"breadcrumb\":{\"@id\":\"https:\\\/\\\/www.helvar.be\\\/kennis\\\/dali-calculeren\\\/#breadcrumb\"},\"inLanguage\":\"fr-FR\",\"potentialAction\":[{\"@type\":\"ReadAction\",\"target\":[\"https:\\\/\\\/www.helvar.be\\\/kennis\\\/dali-calculeren\\\/\"]}]},{\"@type\":\"ImageObject\",\"inLanguage\":\"fr-FR\",\"@id\":\"https:\\\/\\\/www.helvar.be\\\/kennis\\\/dali-calculeren\\\/#primaryimage\",\"url\":\"https:\\\/\\\/www.helvar.nl\\\/wp-content\\\/uploads\\\/2024\\\/06\\\/icon-arrow.png\",\"contentUrl\":\"https:\\\/\\\/www.helvar.nl\\\/wp-content\\\/uploads\\\/2024\\\/06\\\/icon-arrow.png\"},{\"@type\":\"BreadcrumbList\",\"@id\":\"https:\\\/\\\/www.helvar.be\\\/kennis\\\/dali-calculeren\\\/#breadcrumb\",\"itemListElement\":[{\"@type\":\"ListItem\",\"position\":1,\"name\":\"Home\",\"item\":\"https:\\\/\\\/www.helvar.be\\\/home\\\/\"},{\"@type\":\"ListItem\",\"position\":2,\"name\":\"Kennis\",\"item\":\"https:\\\/\\\/www.helvar.be\\\/kennis\\\/\"},{\"@type\":\"ListItem\",\"position\":3,\"name\":\"DALI calculeren\"}]},{\"@type\":\"WebSite\",\"@id\":\"https:\\\/\\\/www.helvar.be\\\/#website\",\"url\":\"https:\\\/\\\/www.helvar.be\\\/\",\"name\":\"Helvar\",\"description\":\"Specialist in intelligente oplossingen voor de verlichtings\u00adindustrie\",\"potentialAction\":[{\"@type\":\"SearchAction\",\"target\":{\"@type\":\"EntryPoint\",\"urlTemplate\":\"https:\\\/\\\/www.helvar.be\\\/?s={search_term_string}\"},\"query-input\":{\"@type\":\"PropertyValueSpecification\",\"valueRequired\":true,\"valueName\":\"search_term_string\"}}],\"inLanguage\":\"fr-FR\"}]}<\/script>\n<!-- \/ Yoast SEO plugin. -->","yoast_head_json":{"title":"Calcul DALI - Helvar","robots":{"index":"index","follow":"follow","max-snippet":"max-snippet:-1","max-image-preview":"max-image-preview:large","max-video-preview":"max-video-preview:-1"},"canonical":"https:\/\/www.helvar.be\/fr\/connaissances\/calcul-dali\/","og_locale":"fr_FR","og_type":"article","og_title":"DALI calculeren - Helvar","og_url":"https:\/\/www.helvar.be\/fr\/connaissances\/calcul-dali\/","og_site_name":"Helvar","article_modified_time":"2025-08-22T07:33:21+00:00","og_image":[{"width":80,"height":80,"url":"https:\/\/www.helvar.be\/wp-content\/uploads\/2024\/06\/icon-arrow.png","type":"image\/png"}],"twitter_card":"summary_large_image","twitter_misc":{"Dur\u00e9e de lecture estim\u00e9e":"3 minutes"},"schema":{"@context":"https:\/\/schema.org","@graph":[{"@type":"WebPage","@id":"https:\/\/www.helvar.be\/kennis\/dali-calculeren\/","url":"https:\/\/www.helvar.be\/kennis\/dali-calculeren\/","name":"Calcul DALI - Helvar","isPartOf":{"@id":"https:\/\/www.helvar.be\/#website"},"primaryImageOfPage":{"@id":"https:\/\/www.helvar.be\/kennis\/dali-calculeren\/#primaryimage"},"image":{"@id":"https:\/\/www.helvar.be\/kennis\/dali-calculeren\/#primaryimage"},"thumbnailUrl":"https:\/\/www.helvar.nl\/wp-content\/uploads\/2024\/06\/icon-arrow.png","datePublished":"2024-06-13T15:16:49+00:00","dateModified":"2025-08-22T07:33:21+00:00","breadcrumb":{"@id":"https:\/\/www.helvar.be\/kennis\/dali-calculeren\/#breadcrumb"},"inLanguage":"fr-FR","potentialAction":[{"@type":"ReadAction","target":["https:\/\/www.helvar.be\/kennis\/dali-calculeren\/"]}]},{"@type":"ImageObject","inLanguage":"fr-FR","@id":"https:\/\/www.helvar.be\/kennis\/dali-calculeren\/#primaryimage","url":"https:\/\/www.helvar.nl\/wp-content\/uploads\/2024\/06\/icon-arrow.png","contentUrl":"https:\/\/www.helvar.nl\/wp-content\/uploads\/2024\/06\/icon-arrow.png"},{"@type":"BreadcrumbList","@id":"https:\/\/www.helvar.be\/kennis\/dali-calculeren\/#breadcrumb","itemListElement":[{"@type":"ListItem","position":1,"name":"Home","item":"https:\/\/www.helvar.be\/home\/"},{"@type":"ListItem","position":2,"name":"Kennis","item":"https:\/\/www.helvar.be\/kennis\/"},{"@type":"ListItem","position":3,"name":"DALI calculeren"}]},{"@type":"WebSite","@id":"https:\/\/www.helvar.be\/#website","url":"https:\/\/www.helvar.be\/","name":"Helvar","description":"Sp\u00e9cialiste des solutions intelligentes pour l'industrie de l'\u00e9clairage","potentialAction":[{"@type":"SearchAction","target":{"@type":"EntryPoint","urlTemplate":"https:\/\/www.helvar.be\/?s={search_term_string}"},"query-input":{"@type":"PropertyValueSpecification","valueRequired":true,"valueName":"search_term_string"}}],"inLanguage":"fr-FR"}]}},"_links":{"self":[{"href":"https:\/\/www.helvar.be\/fr\/wp-json\/wp\/v2\/pages\/130","targetHints":{"allow":["GET"]}}],"collection":[{"href":"https:\/\/www.helvar.be\/fr\/wp-json\/wp\/v2\/pages"}],"about":[{"href":"https:\/\/www.helvar.be\/fr\/wp-json\/wp\/v2\/types\/page"}],"author":[{"embeddable":true,"href":"https:\/\/www.helvar.be\/fr\/wp-json\/wp\/v2\/users\/1"}],"replies":[{"embeddable":true,"href":"https:\/\/www.helvar.be\/fr\/wp-json\/wp\/v2\/comments?post=130"}],"version-history":[{"count":3,"href":"https:\/\/www.helvar.be\/fr\/wp-json\/wp\/v2\/pages\/130\/revisions"}],"predecessor-version":[{"id":10987,"href":"https:\/\/www.helvar.be\/fr\/wp-json\/wp\/v2\/pages\/130\/revisions\/10987"}],"up":[{"embeddable":true,"href":"https:\/\/www.helvar.be\/fr\/wp-json\/wp\/v2\/pages\/29"}],"wp:attachment":[{"href":"https:\/\/www.helvar.be\/fr\/wp-json\/wp\/v2\/media?parent=130"}],"curies":[{"name":"wp","href":"https:\/\/api.w.org\/{rel}","templated":true}]}}