{"id":31,"date":"2024-06-11T09:04:26","date_gmt":"2024-06-11T09:04:26","guid":{"rendered":"https:\/\/helvar.bonsaidev.nl\/?page_id=31"},"modified":"2025-09-17T09:19:38","modified_gmt":"2025-09-17T07:19:38","slug":"contact","status":"publish","type":"page","link":"https:\/\/www.helvar.be\/fr\/contact\/","title":{"rendered":"Contact"},"content":{"rendered":"<style type=\"text\/css\" data-created_by=\"avia_inline_auto\" id=\"style-css-av-63z07-0e755ea4c7e98d03b5793aceb0cea190\">\n.avia-section.av-63z07-0e755ea4c7e98d03b5793aceb0cea190{\nbackground-repeat:no-repeat;\nbackground-image:url(https:\/\/www.helvar.be\/wp-content\/uploads\/2024\/06\/bg-subpaginas.jpg);\nbackground-position:50% 50%;\nbackground-attachment:scroll;\n}\n<\/style>\n<div id='banner-tekst1'  class='avia-section av-63z07-0e755ea4c7e98d03b5793aceb0cea190 main_color avia-section-default avia-no-border-styling  avia-builder-el-0  el_before_av_section  avia-builder-el-first  avia-full-stretch avia-bg-style-scroll container_wrap fullsize'  data-section-bg-repeat='stretch'><div class='container av-section-cont-open' ><main  role=\"main\" itemprop=\"mainContentOfPage\"  class='template-page content  av-content-full alpha units'><div class='post-entry post-entry-type-page post-entry-31'><div class='entry-content-wrapper clearfix'>\n<div class='flex_column_table av-5p14b-79dda14815a3e18ff4b96a73f614ed6e sc-av_one_half av-equal-height-column-flextable'><div  class='flex_column av-5p14b-79dda14815a3e18ff4b96a73f614ed6e av_one_half  avia-builder-el-1  el_before_av_one_half  avia-builder-el-first  first flex_column_table_cell av-equal-height-column av-align-middle'     ><style type=\"text\/css\" data-created_by=\"avia_inline_auto\" id=\"style-css-av-lxk6s0ok-917e10990920dd39a783b9928c7a6719\">\n#top .av_textblock_section.av-lxk6s0ok-917e10990920dd39a783b9928c7a6719 .avia_textblock{\ncolor:#ffffff;\n}\n<\/style>\n<section  class='av_textblock_section av-lxk6s0ok-917e10990920dd39a783b9928c7a6719'   itemscope=\"itemscope\" itemtype=\"https:\/\/schema.org\/CreativeWork\" ><div class='avia_textblock av_inherit_color'  itemprop=\"text\" ><h1>Contact<\/h1>\n<\/div><\/section><\/div><div class='av-flex-placeholder'><\/div><div  class='flex_column av-4uq5b-86e6a092c6e51d40c9e3ccc98c9087eb av_one_half  avia-builder-el-3  el_after_av_one_half  avia-builder-el-last  banner-blok-rechts flex_column_table_cell av-equal-height-column av-align-middle'     ><style type=\"text\/css\" data-created_by=\"avia_inline_auto\" id=\"style-css-av-lxk6s6nb-82cd5d3be3ab23d10ebd74fde1a2c82e\">\n#top .av_textblock_section.av-lxk6s6nb-82cd5d3be3ab23d10ebd74fde1a2c82e .avia_textblock{\nfont-size:18px;\ncolor:#ffffff;\n}\n<\/style>\n<section  class='av_textblock_section av-lxk6s6nb-82cd5d3be3ab23d10ebd74fde1a2c82e'   itemscope=\"itemscope\" itemtype=\"https:\/\/schema.org\/CreativeWork\" ><div class='avia_textblock banner-tekst av_inherit_color'  itemprop=\"text\" ><p>Avec plus de 40 coll\u00e8gues, nous sommes pr\u00eats \u00e0 vous aider !<\/p>\n<\/div><\/section><\/div><\/div><!--close column table wrapper. Autoclose: 1 -->\n\n<\/div><\/div><\/main><!-- close content main element --><\/div><\/div><div id='av_section_2'  class='avia-section av-4o6yn-d7e4bb01d7d8ba4c9b1344474072e1d4 main_color avia-section-default avia-no-border-styling  avia-builder-el-5  el_after_av_section  el_before_av_section  avia-bg-style-scroll container_wrap fullsize'  ><div class='container av-section-cont-open' ><div class='template-page content  av-content-full alpha units'><div class='post-entry post-entry-type-page post-entry-31'><div class='entry-content-wrapper clearfix'>\n<div class='flex_column_table av-lxk6xauv-fdb04583e7190aceb62a76f18a31f865 sc-av_two_third av-equal-height-column-flextable'>\n<style type=\"text\/css\" data-created_by=\"avia_inline_auto\" id=\"style-css-av-lxk6xauv-fdb04583e7190aceb62a76f18a31f865\">\n#top .flex_column_table.av-equal-height-column-flextable.av-lxk6xauv-fdb04583e7190aceb62a76f18a31f865{\nmargin-top:-230px;\n}\n.flex_column.av-lxk6xauv-fdb04583e7190aceb62a76f18a31f865{\nwidth:66%;\nmargin-left:0;\nborder-radius:15px 15px 15px 15px;\npadding:40px 40px 40px 40px;\nbackground-color:#ffffff;\n}\n#top .flex_column_table.av-equal-height-column-flextable.av-lxk6xauv-fdb04583e7190aceb62a76f18a31f865 .av-flex-placeholder{\nwidth:2%;\n}\n<\/style>\n<div  class='flex_column av-lxk6xauv-fdb04583e7190aceb62a76f18a31f865 av_two_third  avia-builder-el-6  el_before_av_one_third  avia-builder-el-first  box-shadow first flex_column_table_cell av-equal-height-column av-align-top'     ><section  class='av_textblock_section av-lxk6xlhe-d33fc970ec8926171d4c6b22774d8487'   itemscope=\"itemscope\" itemtype=\"https:\/\/schema.org\/CreativeWork\" ><div class='avia_textblock'  itemprop=\"text\" ><h3>Avez-vous une question ou souhaitez-vous recevoir<\/h3>\n<h3>plus d'informations ?<\/h3>\n<\/div><\/section><br \/>\n\n<style type=\"text\/css\" data-created_by=\"avia_inline_auto\" id=\"style-css-av-14zy7-40982defdec75ed7b7bf8c2e792c2a84\">\n#top .hr.hr-invisible.av-14zy7-40982defdec75ed7b7bf8c2e792c2a84{\nheight:30px;\n}\n<\/style>\n<div  class='hr av-14zy7-40982defdec75ed7b7bf8c2e792c2a84 hr-invisible  avia-builder-el-8  el_after_av_textblock  el_before_av_codeblock'><span class='hr-inner'><span class=\"hr-inner-style\"><\/span><\/span><\/div><br \/>\n<\/p><\/div><div class='av-flex-placeholder'><\/div>\n<style type=\"text\/css\" data-created_by=\"avia_inline_auto\" id=\"style-css-av-wywn-a7e4f5fd76973773a0159814e4ce1086\">\n#top .flex_column_table.av-equal-height-column-flextable.av-wywn-a7e4f5fd76973773a0159814e4ce1086{\nmargin-top:-230px;\n}\n.flex_column.av-wywn-a7e4f5fd76973773a0159814e4ce1086{\nwidth:32%;\nmargin-left:0;\n}\n#top .flex_column_table.av-equal-height-column-flextable.av-wywn-a7e4f5fd76973773a0159814e4ce1086 .av-flex-placeholder{\nwidth:2%;\n}\n<\/style>\n<div  class='flex_column av-wywn-a7e4f5fd76973773a0159814e4ce1086 av_one_third  avia-builder-el-10  el_after_av_two_third  avia-builder-el-last  flex_column_table_cell av-equal-height-column av-align-top'     ><section  class='av_textblock_section av-lxk6yubh-3b3580e0b471a34e1d3d47e44d34ee37'   itemscope=\"itemscope\" itemtype=\"https:\/\/schema.org\/CreativeWork\" ><div class='av-small-hide av-mini-hide avia_textblock contact-cta'  itemprop=\"text\" ><h3>Prendre contact<\/h3>\n<p>Notre \u00e9quipe de vente et d'assistance technique se fera un plaisir de vous aider \u00e0 vous lancer dans le monde de la gestion de l'\u00e9clairage. Nous sommes disponibles les jours ouvrables de 8h30 \u00e0 16h30.<\/p>\n<p><a class=\"avia-button av-link-btn avia-icon_select-no avia-size-small avia-color-theme-color\" href=\"tel:+32 (0)37 77 81 77\">+32 (0)37 77 81 77<\/a> <a class=\"avia-button av-link-btn avia-icon_select-no avia-size-small avia-color-theme-color-subtle\" href=\"mailto:info@helvar.be\">info@helvar.be<\/a><\/p>\n<\/div><\/section><br \/>\n<section  class='av_textblock_section av-lxk73i8c-9ce925d84004e5fad419e0fea4ff7b19'   itemscope=\"itemscope\" itemtype=\"https:\/\/schema.org\/CreativeWork\" ><div class='avia_textblock service-cta'  itemprop=\"text\" ><h3>Signaler un dysfonctionnement ?<\/h3>\n<p>Pour les abonn\u00e9s au service, nous sommes disponibles par t\u00e9l\u00e9phone de 08h00 \u00e0 16h30 au num\u00e9ro de t\u00e9l\u00e9phone du service\/support.<\/p>\n<p><a class=\"avia-button av-link-btn avia-icon_select-no avia-size-small avia-color-theme-color-subtle\" href=\"mailto:service@helvar.be\"> service@helvar.be<\/a><\/p>\n<\/div><\/section><\/p><\/div><\/div><!--close column table wrapper. Autoclose: 1 --><\/div><\/div><\/div><!-- close content main div --><\/div><\/div><div id='av_section_3'  class='avia-section av-5i2kv-0425cb4fb380c69acefe0e415b80cdeb main_color avia-section-no-padding avia-no-border-styling  avia-builder-el-13  el_after_av_section  el_before_av_section  avia-bg-style-scroll container_wrap fullsize'  ><div class='container av-section-cont-open' ><div class='template-page content  av-content-full alpha units'><div class='post-entry post-entry-type-page post-entry-31'><div class='entry-content-wrapper clearfix'>\n<div  class='flex_column av-4ym6z-cb46ed352de39ee3e4d3d13a512ea8c6 av_one_full  avia-builder-el-14  el_before_av_one_half  avia-builder-el-first  first flex_column_div'     ><section  class='av_textblock_section av-4oqbv-43a50b8080e7342cb053e5c97dfc253c'   itemscope=\"itemscope\" itemtype=\"https:\/\/schema.org\/CreativeWork\" ><div class='avia_textblock'  itemprop=\"text\" ><h2>Nos succursales<\/h2>\n<\/div><\/section><br \/>\n\n<style type=\"text\/css\" data-created_by=\"avia_inline_auto\" id=\"style-css-av-lxk78kxl-3acf114f102f43a20549fd4bec97d89c\">\n#top .hr.hr-invisible.av-lxk78kxl-3acf114f102f43a20549fd4bec97d89c{\nheight:30px;\n}\n<\/style>\n<div  class='hr av-lxk78kxl-3acf114f102f43a20549fd4bec97d89c hr-invisible  avia-builder-el-16  el_after_av_textblock  avia-builder-el-last'><span class='hr-inner'><span class=\"hr-inner-style\"><\/span><\/span><\/div><\/p><\/div><div class='flex_column_table av-29ayb-00d8af9868dde9403f8639fc3623b8a4 sc-av_one_half av-equal-height-column-flextable'>\n<style type=\"text\/css\" data-created_by=\"avia_inline_auto\" id=\"style-css-av-29ayb-00d8af9868dde9403f8639fc3623b8a4\">\n#top .flex_column_table.av-equal-height-column-flextable.av-29ayb-00d8af9868dde9403f8639fc3623b8a4{\nmargin-top:0px;\nmargin-bottom:-573px;\n}\n.flex_column.av-29ayb-00d8af9868dde9403f8639fc3623b8a4{\nwidth:49%;\nmargin-left:0;\n}\n#top .flex_column_table.av-equal-height-column-flextable.av-29ayb-00d8af9868dde9403f8639fc3623b8a4 .av-flex-placeholder{\nwidth:2%;\n}\n<\/style>\n<div  class='flex_column av-29ayb-00d8af9868dde9403f8639fc3623b8a4 av_one_half  avia-builder-el-17  el_after_av_one_full  el_before_av_one_half  schaduw first flex_column_table_cell av-equal-height-column av-align-top  column-top-margin'     ><p>\n<style type=\"text\/css\" data-created_by=\"avia_inline_auto\" id=\"style-css-av-1mmfv-a3bdf4057c857ad45f17999359bc7720\">\n.avia-image-container.av-1mmfv-a3bdf4057c857ad45f17999359bc7720 img.avia_image{\nbox-shadow:none;\n}\n.avia-image-container.av-1mmfv-a3bdf4057c857ad45f17999359bc7720 .av-image-caption-overlay-center{\ncolor:#ffffff;\n}\n<\/style>\n<div  class='avia-image-container av-1mmfv-a3bdf4057c857ad45f17999359bc7720 av-styling- avia-align-center  avia-builder-el-18  el_before_av_codeblock  avia-builder-el-first  vestiging'   itemprop=\"image\" itemscope=\"itemscope\" itemtype=\"https:\/\/schema.org\/ImageObject\" ><div class=\"avia-image-container-inner\"><div class=\"avia-image-overlay-wrap\"><img decoding=\"async\" fetchpriority=\"high\" class='wp-image-5457 avia-img-lazy-loading-not-5457 avia_image' src=\"https:\/\/www.helvar.be\/wp-content\/uploads\/2025\/01\/Vestiging-Belgie.jpg\" alt='' title='Bureau en Belgique'  height=\"587\" width=\"1044\"  itemprop=\"thumbnailUrl\" srcset=\"https:\/\/www.helvar.be\/wp-content\/uploads\/2025\/01\/Vestiging-Belgie.jpg 1044w, https:\/\/www.helvar.be\/wp-content\/uploads\/2025\/01\/Vestiging-Belgie-300x169.jpg 300w, https:\/\/www.helvar.be\/wp-content\/uploads\/2025\/01\/Vestiging-Belgie-1030x579.jpg 1030w, https:\/\/www.helvar.be\/wp-content\/uploads\/2025\/01\/Vestiging-Belgie-768x432.jpg 768w, https:\/\/www.helvar.be\/wp-content\/uploads\/2025\/01\/Vestiging-Belgie-18x10.jpg 18w, https:\/\/www.helvar.be\/wp-content\/uploads\/2025\/01\/Vestiging-Belgie-705x396.jpg 705w\" sizes=\"(max-width: 1044px) 100vw, 1044px\" \/><\/div><\/div><\/div><br \/>\n<\/p><\/div><div class='av-flex-placeholder'><\/div>\n<style type=\"text\/css\" data-created_by=\"avia_inline_auto\" id=\"style-css-av-3piqj-714d25bbab44c72d04a5e8efacb07226\">\n#top .flex_column_table.av-equal-height-column-flextable.av-3piqj-714d25bbab44c72d04a5e8efacb07226{\nmargin-top:0px;\nmargin-bottom:-573px;\n}\n.flex_column.av-3piqj-714d25bbab44c72d04a5e8efacb07226{\nwidth:49%;\nmargin-left:0;\n}\n#top .flex_column_table.av-equal-height-column-flextable.av-3piqj-714d25bbab44c72d04a5e8efacb07226 .av-flex-placeholder{\nwidth:2%;\n}\n<\/style>\n<div  class='flex_column av-3piqj-714d25bbab44c72d04a5e8efacb07226 av_one_half  avia-builder-el-20  el_after_av_one_half  avia-builder-el-last  schaduw flex_column_table_cell av-equal-height-column av-align-top  column-top-margin'     ><p>\n<style type=\"text\/css\" data-created_by=\"avia_inline_auto\" id=\"style-css-av-ay07-da19c4187dae7a3ad57025d45cd2c55d\">\n.avia-image-container.av-ay07-da19c4187dae7a3ad57025d45cd2c55d img.avia_image{\nbox-shadow:none;\n}\n.avia-image-container.av-ay07-da19c4187dae7a3ad57025d45cd2c55d .av-image-caption-overlay-center{\ncolor:#ffffff;\n}\n<\/style>\n<div  class='avia-image-container av-ay07-da19c4187dae7a3ad57025d45cd2c55d av-styling- avia-align-center  avia-builder-el-21  el_before_av_codeblock  avia-builder-el-first  vestiging'   itemprop=\"image\" itemscope=\"itemscope\" itemtype=\"https:\/\/schema.org\/ImageObject\" ><div class=\"avia-image-container-inner\"><div class=\"avia-image-overlay-wrap\"><img decoding=\"async\" fetchpriority=\"high\" class='wp-image-5458 avia-img-lazy-loading-not-5458 avia_image' src=\"https:\/\/www.helvar.be\/wp-content\/uploads\/2025\/01\/Vestiging-Nederland.jpg\" alt='' title='Bureau des Pays-Bas'  height=\"587\" width=\"1044\"  itemprop=\"thumbnailUrl\" srcset=\"https:\/\/www.helvar.be\/wp-content\/uploads\/2025\/01\/Vestiging-Nederland.jpg 1044w, https:\/\/www.helvar.be\/wp-content\/uploads\/2025\/01\/Vestiging-Nederland-300x169.jpg 300w, https:\/\/www.helvar.be\/wp-content\/uploads\/2025\/01\/Vestiging-Nederland-1030x579.jpg 1030w, https:\/\/www.helvar.be\/wp-content\/uploads\/2025\/01\/Vestiging-Nederland-768x432.jpg 768w, https:\/\/www.helvar.be\/wp-content\/uploads\/2025\/01\/Vestiging-Nederland-18x10.jpg 18w, https:\/\/www.helvar.be\/wp-content\/uploads\/2025\/01\/Vestiging-Nederland-705x396.jpg 705w\" sizes=\"(max-width: 1044px) 100vw, 1044px\" \/><\/div><\/div><\/div><br \/>\n<\/p><\/div><\/div><!--close column table wrapper. Autoclose: 1 -->\n<\/p>\n<\/div><\/div><\/div><!-- close content main div --><\/div><\/div><div id='contactpersoon'  class='avia-section av-lxk6stp0-193e75b3626468ad711e2e6b576fecef alternate_color avia-section-small avia-no-border-styling  avia-builder-el-23  el_after_av_section  avia-builder-el-last  avia-bg-style-scroll container_wrap fullsize'  ><div class='container av-section-cont-open' ><div class='template-page content  av-content-full alpha units'><div class='post-entry post-entry-type-page post-entry-31'><div class='entry-content-wrapper clearfix'>\n\n<style type=\"text\/css\" data-created_by=\"avia_inline_auto\" id=\"style-css-av-o0u7-ba2b10c13b7ba470b4cea942a0b24c38\">\n#top .hr.hr-invisible.av-o0u7-ba2b10c13b7ba470b4cea942a0b24c38{\nheight:580px;\n}\n<\/style>\n<div  class='hr av-o0u7-ba2b10c13b7ba470b4cea942a0b24c38 hr-invisible  avia-builder-el-24  el_before_av_one_half  avia-builder-el-first'><span class='hr-inner'><span class=\"hr-inner-style\"><\/span><\/span><\/div>\n<div  class='flex_column av-1dgvz-b7c85b6a4f5185a15b31e6cdab72c27b av_one_half  avia-builder-el-25  el_after_av_hr  el_before_av_one_half  first flex_column_div'     ><section  class='av_textblock_section av-lxk6t9ac-3fab706139286c2136e4d5d6bcfe9edc'   itemscope=\"itemscope\" itemtype=\"https:\/\/schema.org\/CreativeWork\" ><div class='avia_textblock'  itemprop=\"text\" ><h2>Sparring avec un<br \/>\nconseiller technico-commercial ?<\/h2>\n<\/div><\/section><\/div><div  class='flex_column av-wzr7-890525313f3e259b1428f825afbaa4b5 av_one_half  avia-builder-el-27  el_after_av_one_half  el_before_av_hr  flex_column_div'     ><p>\n<style type=\"text\/css\" data-created_by=\"avia_inline_auto\" id=\"style-css-av-8if-12141d980e6c480e1061732f284fc1fe\">\n#top .hr.hr-invisible.av-8if-12141d980e6c480e1061732f284fc1fe{\nheight:40px;\n}\n<\/style>\n<div  class='hr av-8if-12141d980e6c480e1061732f284fc1fe hr-invisible  avia-builder-el-28  el_before_av_button  avia-builder-el-first  av-small-hide av-mini-hide'><span class='hr-inner'><span class=\"hr-inner-style\"><\/span><\/span><\/div><br \/>\n<div  class='avia-button-wrap av-lxk6tum5-7e83bace88cab321a51cfff2494dbcbb-wrap avia-button-right  avia-builder-el-29  el_after_av_hr  avia-builder-el-last'><a href='https:\/\/www.helvar.be\/fr\/ons-team\/'  class='avia-button av-lxk6tum5-7e83bace88cab321a51cfff2494dbcbb av-link-btn avia-icon_select-no avia-size-small avia-position-right avia-color-theme-color-subtle'   aria-label=\"Tous les employ\u00e9s\"><span class='avia_iconbox_title' >Tous les employ\u00e9s<\/span><\/a><\/div><\/p><\/div>\n<style type=\"text\/css\" data-created_by=\"avia_inline_auto\" id=\"style-css-av-racr-124674642f1ed0b031de916bacdb8c47\">\n#top .hr.hr-invisible.av-racr-124674642f1ed0b031de916bacdb8c47{\nheight:40px;\n}\n<\/style>\n<div  class='hr av-racr-124674642f1ed0b031de916bacdb8c47 hr-invisible  avia-builder-el-30  el_after_av_one_half  el_before_av_one_full'><span class='hr-inner'><span class=\"hr-inner-style\"><\/span><\/span><\/div>\n<div  class='flex_column av-1dbhj-c28d32bf44851d6c3884d233ccf98ffb av_one_full  avia-builder-el-31  el_after_av_hr  avia-builder-el-last  first flex_column_div'     ><p><br \/>\n\n<style type=\"text\/css\" data-created_by=\"avia_inline_auto\" id=\"style-css-av-lxk6w6eq-f1728774ab3ddda1e16a8fe87543c63b\">\n#top .hr.hr-invisible.av-lxk6w6eq-f1728774ab3ddda1e16a8fe87543c63b{\nheight:50px;\n}\n<\/style>\n<div  class='hr av-lxk6w6eq-f1728774ab3ddda1e16a8fe87543c63b hr-invisible  avia-builder-el-33  el_after_av_codeblock  avia-builder-el-last'><span class='hr-inner'><span class=\"hr-inner-style\"><\/span><\/span><\/div><\/p><\/div>","protected":false},"excerpt":{"rendered":"","protected":false},"author":1,"featured_media":0,"parent":0,"menu_order":0,"comment_status":"closed","ping_status":"closed","template":"","meta":{"_acf_changed":false,"footnotes":""},"class_list":["post-31","page","type-page","status-publish","hentry"],"acf":[],"yoast_head":"<!-- This site is optimized with the Yoast SEO plugin v27.5 - https:\/\/yoast.com\/product\/yoast-seo-wordpress\/ -->\n<title>Contact - Helvar<\/title>\n<meta name=\"robots\" content=\"index, follow, max-snippet:-1, max-image-preview:large, max-video-preview:-1\" \/>\n<link rel=\"canonical\" href=\"https:\/\/www.helvar.be\/fr\/contact\/\" \/>\n<meta property=\"og:locale\" content=\"fr_FR\" \/>\n<meta property=\"og:type\" content=\"article\" \/>\n<meta property=\"og:title\" content=\"Contact - Helvar\" \/>\n<meta property=\"og:url\" content=\"https:\/\/www.helvar.be\/fr\/contact\/\" \/>\n<meta property=\"og:site_name\" content=\"Helvar\" \/>\n<meta property=\"article:modified_time\" content=\"2025-09-17T07:19:38+00:00\" \/>\n<meta name=\"twitter:card\" content=\"summary_large_image\" \/>\n<meta name=\"twitter:label1\" content=\"Dur\u00e9e de lecture estim\u00e9e\" \/>\n\t<meta name=\"twitter:data1\" content=\"1 minute\" \/>\n<script type=\"application\/ld+json\" class=\"yoast-schema-graph\">{\"@context\":\"https:\\\/\\\/schema.org\",\"@graph\":[{\"@type\":\"WebPage\",\"@id\":\"https:\\\/\\\/www.helvar.be\\\/contact\\\/\",\"url\":\"https:\\\/\\\/www.helvar.be\\\/contact\\\/\",\"name\":\"Contact - Helvar\",\"isPartOf\":{\"@id\":\"https:\\\/\\\/www.helvar.be\\\/#website\"},\"datePublished\":\"2024-06-11T09:04:26+00:00\",\"dateModified\":\"2025-09-17T07:19:38+00:00\",\"breadcrumb\":{\"@id\":\"https:\\\/\\\/www.helvar.be\\\/contact\\\/#breadcrumb\"},\"inLanguage\":\"fr-FR\",\"potentialAction\":[{\"@type\":\"ReadAction\",\"target\":[\"https:\\\/\\\/www.helvar.be\\\/contact\\\/\"]}]},{\"@type\":\"BreadcrumbList\",\"@id\":\"https:\\\/\\\/www.helvar.be\\\/contact\\\/#breadcrumb\",\"itemListElement\":[{\"@type\":\"ListItem\",\"position\":1,\"name\":\"Home\",\"item\":\"https:\\\/\\\/www.helvar.be\\\/home\\\/\"},{\"@type\":\"ListItem\",\"position\":2,\"name\":\"Contact\"}]},{\"@type\":\"WebSite\",\"@id\":\"https:\\\/\\\/www.helvar.be\\\/#website\",\"url\":\"https:\\\/\\\/www.helvar.be\\\/\",\"name\":\"Helvar\",\"description\":\"Specialist in intelligente oplossingen voor de verlichtings\u00adindustrie\",\"potentialAction\":[{\"@type\":\"SearchAction\",\"target\":{\"@type\":\"EntryPoint\",\"urlTemplate\":\"https:\\\/\\\/www.helvar.be\\\/?s={search_term_string}\"},\"query-input\":{\"@type\":\"PropertyValueSpecification\",\"valueRequired\":true,\"valueName\":\"search_term_string\"}}],\"inLanguage\":\"fr-FR\"}]}<\/script>\n<!-- \/ Yoast SEO plugin. -->","yoast_head_json":{"title":"Contact - Helvar","robots":{"index":"index","follow":"follow","max-snippet":"max-snippet:-1","max-image-preview":"max-image-preview:large","max-video-preview":"max-video-preview:-1"},"canonical":"https:\/\/www.helvar.be\/fr\/contact\/","og_locale":"fr_FR","og_type":"article","og_title":"Contact - Helvar","og_url":"https:\/\/www.helvar.be\/fr\/contact\/","og_site_name":"Helvar","article_modified_time":"2025-09-17T07:19:38+00:00","twitter_card":"summary_large_image","twitter_misc":{"Dur\u00e9e de lecture estim\u00e9e":"1 minute"},"schema":{"@context":"https:\/\/schema.org","@graph":[{"@type":"WebPage","@id":"https:\/\/www.helvar.be\/contact\/","url":"https:\/\/www.helvar.be\/contact\/","name":"Contact - Helvar","isPartOf":{"@id":"https:\/\/www.helvar.be\/#website"},"datePublished":"2024-06-11T09:04:26+00:00","dateModified":"2025-09-17T07:19:38+00:00","breadcrumb":{"@id":"https:\/\/www.helvar.be\/contact\/#breadcrumb"},"inLanguage":"fr-FR","potentialAction":[{"@type":"ReadAction","target":["https:\/\/www.helvar.be\/contact\/"]}]},{"@type":"BreadcrumbList","@id":"https:\/\/www.helvar.be\/contact\/#breadcrumb","itemListElement":[{"@type":"ListItem","position":1,"name":"Home","item":"https:\/\/www.helvar.be\/home\/"},{"@type":"ListItem","position":2,"name":"Contact"}]},{"@type":"WebSite","@id":"https:\/\/www.helvar.be\/#website","url":"https:\/\/www.helvar.be\/","name":"Helvar","description":"Sp\u00e9cialiste des solutions intelligentes pour l'industrie de l'\u00e9clairage","potentialAction":[{"@type":"SearchAction","target":{"@type":"EntryPoint","urlTemplate":"https:\/\/www.helvar.be\/?s={search_term_string}"},"query-input":{"@type":"PropertyValueSpecification","valueRequired":true,"valueName":"search_term_string"}}],"inLanguage":"fr-FR"}]}},"_links":{"self":[{"href":"https:\/\/www.helvar.be\/fr\/wp-json\/wp\/v2\/pages\/31","targetHints":{"allow":["GET"]}}],"collection":[{"href":"https:\/\/www.helvar.be\/fr\/wp-json\/wp\/v2\/pages"}],"about":[{"href":"https:\/\/www.helvar.be\/fr\/wp-json\/wp\/v2\/types\/page"}],"author":[{"embeddable":true,"href":"https:\/\/www.helvar.be\/fr\/wp-json\/wp\/v2\/users\/1"}],"replies":[{"embeddable":true,"href":"https:\/\/www.helvar.be\/fr\/wp-json\/wp\/v2\/comments?post=31"}],"version-history":[{"count":9,"href":"https:\/\/www.helvar.be\/fr\/wp-json\/wp\/v2\/pages\/31\/revisions"}],"predecessor-version":[{"id":10846,"href":"https:\/\/www.helvar.be\/fr\/wp-json\/wp\/v2\/pages\/31\/revisions\/10846"}],"wp:attachment":[{"href":"https:\/\/www.helvar.be\/fr\/wp-json\/wp\/v2\/media?parent=31"}],"curies":[{"name":"wp","href":"https:\/\/api.w.org\/{rel}","templated":true}]}}