{"id":4272,"date":"2024-12-13T08:41:26","date_gmt":"2024-12-13T07:41:26","guid":{"rendered":"https:\/\/helvar.bonsaidev.nl\/?page_id=4272"},"modified":"2025-08-29T08:59:27","modified_gmt":"2025-08-29T06:59:27","slug":"formation-aux-logiciels","status":"publish","type":"page","link":"https:\/\/www.helvar.be\/fr\/kennis\/softwaretraining\/","title":{"rendered":"Formation aux logiciels"},"content":{"rendered":"<style type=\"text\/css\" data-created_by=\"avia_inline_auto\" id=\"style-css-av-1ouju0-8fa2b0bc8aa6f353db7c189cc5ae62fc\">\n.avia-section.av-1ouju0-8fa2b0bc8aa6f353db7c189cc5ae62fc{\nbackground-repeat:no-repeat;\nbackground-image:url(https:\/\/www.helvar.be\/wp-content\/uploads\/2024\/06\/bg-subpaginas.jpg);\nbackground-position:50% 50%;\nbackground-attachment:scroll;\n}\n<\/style>\n<div id='banner-tekst1'  class='avia-section av-1ouju0-8fa2b0bc8aa6f353db7c189cc5ae62fc main_color avia-section-default avia-no-border-styling  avia-builder-el-0  el_before_av_section  avia-builder-el-first  avia-full-stretch avia-bg-style-scroll container_wrap fullsize'  data-section-bg-repeat='stretch'><div class='container av-section-cont-open' ><main  role=\"main\" itemprop=\"mainContentOfPage\"  class='template-page content  av-content-full alpha units'><div class='post-entry post-entry-type-page post-entry-4272'><div class='entry-content-wrapper clearfix'>\n\n<style type=\"text\/css\" data-created_by=\"avia_inline_auto\" id=\"style-css-av-241se8-dc7c9ff91b7c6218aff56dd8a296bc19\">\n#top .av_textblock_section.av-241se8-dc7c9ff91b7c6218aff56dd8a296bc19 .avia_textblock{\ncolor:#ffffff;\n}\n<\/style>\n<section  class='av_textblock_section av-241se8-dc7c9ff91b7c6218aff56dd8a296bc19'   itemscope=\"itemscope\" itemtype=\"https:\/\/schema.org\/CreativeWork\" ><div class='av-small-hide av-mini-hide avia_textblock av_inherit_color'  itemprop=\"text\" ><div class=\"breadcrumb breadcrumbs avia-breadcrumbs\"><div class=\"breadcrumb-trail\" ><span class=\"trail-before\"><span class=\"breadcrumb-title\">Vous \u00eates ici :<\/span><\/span> <span  itemscope=\"itemscope\" itemtype=\"https:\/\/schema.org\/BreadcrumbList\" ><span  itemscope=\"itemscope\" itemtype=\"https:\/\/schema.org\/ListItem\" itemprop=\"itemListElement\" ><a itemprop=\"url\" href=\"https:\/\/www.helvar.be\/fr\" title=\"Helvar\" rel=\"home\" class=\"trail-begin\"><span itemprop=\"name\">Accueil<\/span><\/a><span itemprop=\"position\" class=\"hidden\">1<\/span><\/span><\/span><\/div><\/div>\n<\/div><\/section>\n<div class='flex_column_table av-1iw35k-8f2656fde4aec0f2f36a608afce41a47 sc-av_one_half av-equal-height-column-flextable'><div  class='flex_column av-1iw35k-8f2656fde4aec0f2f36a608afce41a47 av_one_half  avia-builder-el-2  el_after_av_textblock  el_before_av_one_half  first flex_column_table_cell av-equal-height-column av-align-middle  column-top-margin'     ><style type=\"text\/css\" data-created_by=\"avia_inline_auto\" id=\"style-css-av-lxke8g5b-065b21a28ae5057bb1028db4f2bca169\">\n#top .av_textblock_section.av-lxke8g5b-065b21a28ae5057bb1028db4f2bca169 .avia_textblock{\ncolor:#ffffff;\n}\n<\/style>\n<section  class='av_textblock_section av-lxke8g5b-065b21a28ae5057bb1028db4f2bca169'   itemscope=\"itemscope\" itemtype=\"https:\/\/schema.org\/CreativeWork\" ><div class='avia_textblock av_inherit_color'  itemprop=\"text\" ><h1>Formation aux logiciels<\/h1>\n<\/div><\/section><\/div><div class='av-flex-placeholder'><\/div><div  class='flex_column av-1fk594-ec4c6a73b2057137853d4565c5799986 av_one_half  avia-builder-el-4  el_after_av_one_half  avia-builder-el-last  banner-blok-rechts flex_column_table_cell av-equal-height-column av-align-middle  column-top-margin'     ><style type=\"text\/css\" data-created_by=\"avia_inline_auto\" id=\"style-css-av-lxke8rqt-da315fb3a0bbc8990ebeeb9c0b52aaed\">\n#top .av_textblock_section.av-lxke8rqt-da315fb3a0bbc8990ebeeb9c0b52aaed .avia_textblock{\nfont-size:18px;\ncolor:#ffffff;\n}\n<\/style>\n<section  class='av_textblock_section av-lxke8rqt-da315fb3a0bbc8990ebeeb9c0b52aaed'   itemscope=\"itemscope\" itemtype=\"https:\/\/schema.org\/CreativeWork\" ><div class='avia_textblock banner-tekst av_inherit_color'  itemprop=\"text\" ><p>Pour commencer \u00e0 utiliser le logiciel vous-m\u00eame, nous proposons une formation au logiciel qui vous permettra d'acqu\u00e9rir les connaissances n\u00e9cessaires \u00e0 la configuration d'un syst\u00e8me de base.<\/p>\n<\/div><\/section><\/div><\/div><!--close column table wrapper. Autoclose: 1 -->\n\n<\/div><\/div><\/main><!-- close content main element --><\/div><\/div><div id='av_section_2'  class='avia-section av-174r6o-2400f1c8106bf07a11825a679ffed9b6 main_color avia-section-default avia-no-border-styling  avia-builder-el-6  el_after_av_section  el_before_av_layout_row  avia-bg-style-scroll container_wrap fullsize'  ><div class='container av-section-cont-open' ><div class='template-page content  av-content-full alpha units'><div class='post-entry post-entry-type-page post-entry-4272'><div class='entry-content-wrapper clearfix'>\n<div class='flex_column_table av-lxke9ir7-d644a433d3cd9c2585501975e7ffdfa8 sc-av_one_fifth av-equal-height-column-flextable'>\n<style type=\"text\/css\" data-created_by=\"avia_inline_auto\" id=\"style-css-av-lxke9ir7-d644a433d3cd9c2585501975e7ffdfa8\">\n#top .flex_column_table.av-equal-height-column-flextable.av-lxke9ir7-d644a433d3cd9c2585501975e7ffdfa8{\nmargin-top:-230px;\nmargin-bottom:0px;\n}\n.flex_column.av-lxke9ir7-d644a433d3cd9c2585501975e7ffdfa8{\nborder-radius:15px 0 0 0;\nbackground-color:#ffffff;\n}\n<\/style>\n<div  class='flex_column av-lxke9ir7-d644a433d3cd9c2585501975e7ffdfa8 av_one_fifth  avia-builder-el-7  el_before_av_three_fifth  avia-builder-el-first  first no_margin flex_column_table_cell av-equal-height-column av-align-top'     ><\/div>\n<style type=\"text\/css\" data-created_by=\"avia_inline_auto\" id=\"style-css-av-lxke9sta-8e0e81e71ce5f16a6676a3365ec1ca10\">\n#top .flex_column_table.av-equal-height-column-flextable.av-lxke9sta-8e0e81e71ce5f16a6676a3365ec1ca10{\nmargin-top:-230px;\nmargin-bottom:0px;\n}\n.flex_column.av-lxke9sta-8e0e81e71ce5f16a6676a3365ec1ca10{\npadding:80px 0 0 0;\nbackground-color:#ffffff;\n}\n\n@media only screen and (min-width: 480px) and (max-width: 767px){ \n.flex_column.av-lxke9sta-8e0e81e71ce5f16a6676a3365ec1ca10{\npadding:30px 30px 0 30px;\n}\n}\n\n@media only screen and (max-width: 479px){ \n.flex_column.av-lxke9sta-8e0e81e71ce5f16a6676a3365ec1ca10{\npadding:20px 20px 0 20px;\n}\n}\n<\/style>\n<div  class='flex_column av-lxke9sta-8e0e81e71ce5f16a6676a3365ec1ca10 av_three_fifth  avia-builder-el-8  el_after_av_one_fifth  el_before_av_one_fifth  no_margin flex_column_table_cell av-equal-height-column av-align-top'     ><section  class='av_textblock_section av-lxkeb14n-83a9131a40d6e352e4bd5bb366010fa5'   itemscope=\"itemscope\" itemtype=\"https:\/\/schema.org\/CreativeWork\" ><div class='avia_textblock'  itemprop=\"text\" ><h3><\/h3>\n<h3><\/h3>\n<h3>Formation au logiciel Helvar Designer<\/h3>\n<p>Un syst\u00e8me de gestion de l'\u00e9clairage est un syst\u00e8me complet et polyvalent. La commande centrale et automatique de l'\u00e9clairage est souvent l'une des principales raisons d'utiliser un syst\u00e8me de gestion de l'\u00e9clairage. Mais cela peut d\u00e9j\u00e0 \u00eatre r\u00e9alis\u00e9 de nombreuses mani\u00e8res. Par exemple, en appliquant des capteurs et des contr\u00f4les de temps, un lien avec l'alarme, un \u00e9cran tactile, via un lien avec le syst\u00e8me de gestion de l'\u00e9clairage, etc.<\/p>\n<p>Pour commencer \u00e0 utiliser le logiciel vous-m\u00eame, nous proposons une formation au logiciel qui vous permettra d'acqu\u00e9rir les connaissances n\u00e9cessaires \u00e0 la configuration d'un syst\u00e8me de base. Les cours de formation se d\u00e9roulent dans notre salle d'exposition. Chaque stagiaire y re\u00e7oit un syst\u00e8me de d\u00e9monstration.<\/p>\n<ul>\n<li><strong>Public cible :<\/strong> technique<\/li>\n<li><strong>Dur\u00e9e de l'enqu\u00eate :<\/strong> 1 jour de 08h30 \u00e0 15h30<\/li>\n<li><strong>Ce qu'il faut apporter :<\/strong> Un ordinateur portable Windows avec une connexion r\u00e9seau et des droits d'administrateur.<\/li>\n<li><strong>Prix :<\/strong>\u00a0\u20ac300,-<\/li>\n<\/ul>\n<h6>Contactez-nous pour plus d'informations et pour planifier une formation au logiciel !<\/h6>\n<\/div><\/section><br \/>\n\n<style type=\"text\/css\" data-created_by=\"avia_inline_auto\" id=\"style-css-av-mevgru0p-8404b45a9a7795428746fe973e1366f7\">\n#top .hr.hr-invisible.av-mevgru0p-8404b45a9a7795428746fe973e1366f7{\nheight:20px;\n}\n<\/style>\n<div  class='hr av-mevgru0p-8404b45a9a7795428746fe973e1366f7 hr-invisible  avia-builder-el-10  el_after_av_textblock  el_before_av_button'><span class='hr-inner'><span class=\"hr-inner-style\"><\/span><\/span><\/div><br \/>\n<div  class='avia-button-wrap av-mevgovzc-4495d8790715bbe6ddface3d7af8ed44-wrap avia-button-left  avia-builder-el-11  el_after_av_hr  avia-builder-el-last'>\n<style type=\"text\/css\" data-created_by=\"avia_inline_auto\" id=\"style-css-av-mevgovzc-4495d8790715bbe6ddface3d7af8ed44\">\n#top #wrap_all .avia-button.av-mevgovzc-4495d8790715bbe6ddface3d7af8ed44:hover{\nbackground-color:black;\ncolor:white;\ntransition:all 0.4s ease-in-out;\n}\n#top #wrap_all .avia-button.av-mevgovzc-4495d8790715bbe6ddface3d7af8ed44:hover .avia-svg-icon svg:first-child{\nfill:white;\nstroke:white;\n}\n<\/style>\n<a href='https:\/\/www.helvar.be\/fr\/contact\/'  class='avia-button av-mevgovzc-4495d8790715bbe6ddface3d7af8ed44 av-link-btn avia-icon_select-no avia-size-small avia-position-left avia-color-theme-color avia-font-color-theme-color'   aria-label=\"Contact\"><span class='avia_iconbox_title' >Contact<\/span><\/a><\/div><\/p><\/div>\n<style type=\"text\/css\" data-created_by=\"avia_inline_auto\" id=\"style-css-av-lxkea6a0-2d795afc6ca0668b0740b6c23cb5624a\">\n#top .flex_column_table.av-equal-height-column-flextable.av-lxkea6a0-2d795afc6ca0668b0740b6c23cb5624a{\nmargin-top:-230px;\nmargin-bottom:0px;\n}\n.flex_column.av-lxkea6a0-2d795afc6ca0668b0740b6c23cb5624a{\nborder-radius:0 15px 0 0;\nbackground-color:#ffffff;\n}\n<\/style>\n<div  class='flex_column av-lxkea6a0-2d795afc6ca0668b0740b6c23cb5624a av_one_fifth  avia-builder-el-12  el_after_av_three_fifth  el_before_av_hr  no_margin flex_column_table_cell av-equal-height-column av-align-top'     ><\/div><\/div><!--close column table wrapper. Autoclose: 1 -->\n<style type=\"text\/css\" data-created_by=\"avia_inline_auto\" id=\"style-css-av-mevhu54o-2f2cdca43ae0f634037d5d149928cff3\">\n#top .hr.hr-invisible.av-mevhu54o-2f2cdca43ae0f634037d5d149928cff3{\nheight:200px;\n}\n<\/style>\n<div  class='hr av-mevhu54o-2f2cdca43ae0f634037d5d149928cff3 hr-invisible  avia-builder-el-13  el_after_av_one_fifth  el_before_av_one_full'><span class='hr-inner'><span class=\"hr-inner-style\"><\/span><\/span><\/div>\n\n<style type=\"text\/css\" data-created_by=\"avia_inline_auto\" id=\"style-css-av-mevhs6sv-a6855eb0b2396045e4a3782bbac6a9c8\">\n.flex_column.av-mevhs6sv-a6855eb0b2396045e4a3782bbac6a9c8{\nborder-radius:15px 15px 15px 15px;\npadding:80px 20% 60px 20%;\nbackground-color:#eff2f4;\n}\n\n@media only screen and (min-width: 480px) and (max-width: 767px){ \n.flex_column.av-mevhs6sv-a6855eb0b2396045e4a3782bbac6a9c8{\npadding:30px 30px 30px 30px;\n}\n}\n\n@media only screen and (max-width: 479px){ \n.flex_column.av-mevhs6sv-a6855eb0b2396045e4a3782bbac6a9c8{\npadding:20px 20px 20px 20px;\n}\n}\n<\/style>\n<div  class='flex_column av-mevhs6sv-a6855eb0b2396045e4a3782bbac6a9c8 av_one_full  avia-builder-el-14  el_after_av_hr  el_before_av_one_full  first flex_column_div'     ><p>\n<style type=\"text\/css\" data-created_by=\"avia_inline_auto\" id=\"style-css-av-mevhm278-91380595993258508cf5bfa080c2662a\">\n.avia-image-container.av-mevhm278-91380595993258508cf5bfa080c2662a{\nposition:relative;\ntop:-225px;\n}\n.avia_transform .avia-image-container.av-mevhm278-91380595993258508cf5bfa080c2662a{\nanimation-duration:2s;\n}\n.avia-image-container.av-mevhm278-91380595993258508cf5bfa080c2662a img.avia_image{\nbox-shadow:none;\n}\n.avia-image-container.av-mevhm278-91380595993258508cf5bfa080c2662a .av-image-caption-overlay-center{\ncolor:#ffffff;\n}\n<\/style>\n<div  id=\"img-negative\"  class='avia-image-container av-mevhm278-91380595993258508cf5bfa080c2662a av-styling- avia_animated_image av-animated-when-visible-95 bottom-to-top avia-align-center  avia-builder-el-15  el_before_av_hr  avia-builder-el-first  av-custom-positioned'   itemprop=\"image\" itemscope=\"itemscope\" itemtype=\"https:\/\/schema.org\/ImageObject\" ><div class=\"avia-image-container-inner\"><div class=\"avia-image-overlay-wrap\"><img decoding=\"async\" fetchpriority=\"high\" class='wp-image-10503 avia-img-lazy-loading-not-10503 avia_image' src=\"https:\/\/www.helvar.be\/wp-content\/uploads\/2025\/08\/v17-Enhanced-NR.jpg\" alt='' title='S\u00e9minaire-Volvo'  height=\"1365\" width=\"2048\"  itemprop=\"thumbnailUrl\" srcset=\"https:\/\/www.helvar.be\/wp-content\/uploads\/2025\/08\/v17-Enhanced-NR.jpg 2048w, https:\/\/www.helvar.be\/wp-content\/uploads\/2025\/08\/v17-Enhanced-NR-300x200.jpg 300w, https:\/\/www.helvar.be\/wp-content\/uploads\/2025\/08\/v17-Enhanced-NR-1030x686.jpg 1030w, https:\/\/www.helvar.be\/wp-content\/uploads\/2025\/08\/v17-Enhanced-NR-768x512.jpg 768w, https:\/\/www.helvar.be\/wp-content\/uploads\/2025\/08\/v17-Enhanced-NR-1536x1024.jpg 1536w, https:\/\/www.helvar.be\/wp-content\/uploads\/2025\/08\/v17-Enhanced-NR-18x12.jpg 18w, https:\/\/www.helvar.be\/wp-content\/uploads\/2025\/08\/v17-Enhanced-NR-1500x1000.jpg 1500w, https:\/\/www.helvar.be\/wp-content\/uploads\/2025\/08\/v17-Enhanced-NR-705x470.jpg 705w\" sizes=\"(max-width: 2048px) 100vw, 2048px\" \/><\/div><\/div><\/div><br \/>\n\n<style type=\"text\/css\" data-created_by=\"avia_inline_auto\" id=\"style-css-av-mevhqs5m-026537fc7b94219094422b37489a9fce\">\n#top .hr.hr-invisible.av-mevhqs5m-026537fc7b94219094422b37489a9fce{\nheight:30px;\n}\n<\/style>\n<div  class='hr av-mevhqs5m-026537fc7b94219094422b37489a9fce hr-invisible  avia-builder-el-16  el_after_av_image  el_before_av_textblock'><span class='hr-inner'><span class=\"hr-inner-style\"><\/span><\/span><\/div><br \/>\n\n<style type=\"text\/css\" data-created_by=\"avia_inline_auto\" id=\"style-css-av-mevhx16t-c805d5091f5cc0397821d98e5ab98fa4\">\n#top .av_textblock_section.av-mevhx16t-c805d5091f5cc0397821d98e5ab98fa4 .avia_textblock{\ncolor:#000000;\n}\n<\/style>\n<section  class='av_textblock_section av-mevhx16t-c805d5091f5cc0397821d98e5ab98fa4'   itemscope=\"itemscope\" itemtype=\"https:\/\/schema.org\/CreativeWork\" ><div class='avia_textblock av_inherit_color'  itemprop=\"text\" ><h3>Apprendre et d\u00e9jeuner<\/h3>\n<p>Vous souhaitez \u00eatre pleinement inform\u00e9 sur les capacit\u00e9s de nos syst\u00e8mes, sans pour autant commencer \u00e0 utiliser le logiciel Helvar Designer ? Alors inscrivez-vous \u00e0 une session Learn &amp; Lunch. Lors de nos sessions Learn &amp; Lunch, nous vous pr\u00e9sentons les possibilit\u00e9s et les avantages de nos syst\u00e8mes de gestion de l'\u00e9clairage \u00e0 l'aide d'exemples concrets et d'informations pratiques. Que ce soit dans nos locaux ou sur le terrain.<\/p>\n<\/div><\/section><\/p><\/div>\n<style type=\"text\/css\" data-created_by=\"avia_inline_auto\" id=\"style-css-av-2d4fnk-f119084c0504f2750b9c9cf0f2736801\">\n.avia_transform .flex_column.av-2d4fnk-f119084c0504f2750b9c9cf0f2736801{\nanimation-duration:2s;\n}\n<\/style>\n<div  class='flex_column av-2d4fnk-f119084c0504f2750b9c9cf0f2736801 av_one_full  avia-builder-el-18  el_after_av_one_full  avia-builder-el-last  first flex_column_div av-animated-generic bottom-to-top  column-top-margin'     ><section  class='av_textblock_section av-mewhbiap-05db8919d8c7c97cfcd89516684d6052'   itemscope=\"itemscope\" itemtype=\"https:\/\/schema.org\/CreativeWork\" ><div class='avia_textblock'  itemprop=\"text\" ><h4>Nos ing\u00e9nieurs commerciaux se feront un plaisir de vous en dire plus sur les possibilit\u00e9s qui s'offrent \u00e0 vous !<\/h4>\n<\/div><\/section><br \/>\n\n<style type=\"text\/css\" data-created_by=\"avia_inline_auto\" id=\"style-css-av-mewhd0zm-53993063045c9c87e74f142342a850ee\">\n#top .hr.hr-invisible.av-mewhd0zm-53993063045c9c87e74f142342a850ee{\nheight:40px;\n}\n<\/style>\n<div  class='hr av-mewhd0zm-53993063045c9c87e74f142342a850ee hr-invisible  avia-builder-el-20  el_after_av_textblock  el_before_av_codeblock'><span class='hr-inner'><span class=\"hr-inner-style\"><\/span><\/span><\/div><br \/>\n<\/p><\/div><\/div><\/div><\/div><!-- close content main div --><\/div><\/div><div id='av-layout-grid-1'  class='av-layout-grid-container av-15lewg-ab9a537cb91cb58fe025739aab4b22f8 entry-content-wrapper main_color av-flex-cells  avia-builder-el-22  el_after_av_section  avia-builder-el-last  grid-row-not-first  container_wrap fullsize'  >\n\n<style type=\"text\/css\" data-created_by=\"avia_inline_auto\" id=\"style-css-av-yr7h4-8dfe9fd4511ca4dd9c51ce8b366c69d7\">\n.flex_cell.av-yr7h4-8dfe9fd4511ca4dd9c51ce8b366c69d7{\nvertical-align:top;\nheight:610px;\nmin-height:610px;\nbackground:url(https:\/\/www.helvar.be\/wp-content\/uploads\/2025\/01\/Presentatie-scaled.jpg) 50% 50% no-repeat scroll ;\n}\n<\/style>\n<div class='flex_cell av-yr7h4-8dfe9fd4511ca4dd9c51ce8b366c69d7 av-gridrow-cell av_one_half no_margin av-hide-on-mobile  avia-builder-el-23  el_before_av_cell_one_half  avia-builder-el-first  content-align-top avia-full-stretch'  ><div class='flex_cell_inner'><\/div><\/div>\n<style type=\"text\/css\" data-created_by=\"avia_inline_auto\" id=\"style-css-av-om7tc-c5e8eb67bdf4f8128e0bf313c55922e1\">\n.flex_cell.av-om7tc-c5e8eb67bdf4f8128e0bf313c55922e1{\nvertical-align:middle;\nheight:610px;\nmin-height:610px;\nbackground:url(https:\/\/www.helvar.be\/wp-content\/uploads\/2024\/06\/Clip-path-group.png) 50% 50% no-repeat scroll ;\n}\n.responsive #top #wrap_all .flex_cell.av-om7tc-c5e8eb67bdf4f8128e0bf313c55922e1{\npadding:80px 80px 80px 80px !important;\n}\n\n@media only screen and (min-width: 480px) and (max-width: 767px){ \n.responsive #top #wrap_all .flex_cell.av-om7tc-c5e8eb67bdf4f8128e0bf313c55922e1{\npadding:40px 40px 40px 40px !important;\n}\n}\n\n@media only screen and (max-width: 479px){ \n.responsive #top #wrap_all .flex_cell.av-om7tc-c5e8eb67bdf4f8128e0bf313c55922e1{\npadding:40px 40px 40px 40px !important;\n}\n}\n<\/style>\n<div class='flex_cell av-om7tc-c5e8eb67bdf4f8128e0bf313c55922e1 av-gridrow-cell av_one_half no_margin  avia-builder-el-24  el_after_av_cell_one_half  avia-builder-el-last  content-align-middle avia-full-stretch'  ><div class='flex_cell_inner'>\n<style type=\"text\/css\" data-created_by=\"avia_inline_auto\" id=\"style-css-av-nkjc0-854179601863437930a080fc0a36b955\">\n#top .av_textblock_section.av-nkjc0-854179601863437930a080fc0a36b955 .avia_textblock{\nfont-size:18px;\ncolor:#ffffff;\n}\n<\/style>\n<section  class='av_textblock_section av-nkjc0-854179601863437930a080fc0a36b955'   itemscope=\"itemscope\" itemtype=\"https:\/\/schema.org\/CreativeWork\" ><div class='avia_textblock cta-tekst av_inherit_color'  itemprop=\"text\" ><h2>Une pr\u00e9sentation dans vos locaux ou une bo\u00eete \u00e0 outils sur place vous int\u00e9ressent ?<\/h2>\n<p>Contactez le conseiller de vente de votre r\u00e9gion pour planifier l'\u00e9v\u00e9nement !<\/p>\n<\/div><\/section><br \/>\n\n<style type=\"text\/css\" data-created_by=\"avia_inline_auto\" id=\"style-css-av-dkk88-225be05fb94c8bd8107a5867c5975a3b\">\n#top .hr.hr-invisible.av-dkk88-225be05fb94c8bd8107a5867c5975a3b{\nheight:150px;\n}\n<\/style>\n<div  class='hr av-dkk88-225be05fb94c8bd8107a5867c5975a3b hr-invisible  avia-builder-el-26  el_after_av_textblock  el_before_av_button'><span class='hr-inner'><span class=\"hr-inner-style\"><\/span><\/span><\/div><br \/>\n<div  class='avia-button-wrap av-73nyw-d0d67063cb9be266ac0ec5b002d7229c-wrap avia-button-left  avia-builder-el-27  el_after_av_hr  avia-builder-el-last'><a href='\/fr\/contact\/#contactpersoon'  class='avia-button av-73nyw-d0d67063cb9be266ac0ec5b002d7229c av-link-btn avia-icon_select-no avia-size-small avia-position-left avia-color-theme-color-highlight'   aria-label=\"Contact\"><span class='avia_iconbox_title' >Contact<\/span><\/a><\/div><\/p>\n<\/div><\/div>\n<\/div><\/p>","protected":false},"excerpt":{"rendered":"","protected":false},"author":6,"featured_media":0,"parent":29,"menu_order":0,"comment_status":"closed","ping_status":"closed","template":"","meta":{"_acf_changed":false,"footnotes":""},"class_list":["post-4272","page","type-page","status-publish","hentry"],"acf":[],"yoast_head":"<!-- This site is optimized with the Yoast SEO plugin v27.5 - https:\/\/yoast.com\/product\/yoast-seo-wordpress\/ -->\n<title>Softwaretraining - Helvar<\/title>\n<meta name=\"robots\" content=\"index, follow, max-snippet:-1, max-image-preview:large, max-video-preview:-1\" \/>\n<link rel=\"canonical\" href=\"https:\/\/www.helvar.be\/fr\/connaissances\/formation-aux-logiciels\/\" \/>\n<meta property=\"og:locale\" content=\"fr_FR\" \/>\n<meta property=\"og:type\" content=\"article\" \/>\n<meta property=\"og:title\" content=\"Softwaretraining - Helvar\" \/>\n<meta property=\"og:url\" content=\"https:\/\/www.helvar.be\/fr\/connaissances\/formation-aux-logiciels\/\" \/>\n<meta property=\"og:site_name\" content=\"Helvar\" \/>\n<meta property=\"article:modified_time\" content=\"2025-08-29T06:59:27+00:00\" \/>\n<meta name=\"twitter:card\" content=\"summary_large_image\" \/>\n<meta name=\"twitter:label1\" content=\"Dur\u00e9e de lecture estim\u00e9e\" \/>\n\t<meta name=\"twitter:data1\" content=\"2 minutes\" \/>\n<script type=\"application\/ld+json\" class=\"yoast-schema-graph\">{\"@context\":\"https:\\\/\\\/schema.org\",\"@graph\":[{\"@type\":\"WebPage\",\"@id\":\"https:\\\/\\\/www.helvar.be\\\/kennis\\\/softwaretraining\\\/\",\"url\":\"https:\\\/\\\/www.helvar.be\\\/kennis\\\/softwaretraining\\\/\",\"name\":\"Softwaretraining - Helvar\",\"isPartOf\":{\"@id\":\"https:\\\/\\\/www.helvar.be\\\/#website\"},\"datePublished\":\"2024-12-13T07:41:26+00:00\",\"dateModified\":\"2025-08-29T06:59:27+00:00\",\"breadcrumb\":{\"@id\":\"https:\\\/\\\/www.helvar.be\\\/kennis\\\/softwaretraining\\\/#breadcrumb\"},\"inLanguage\":\"fr-FR\",\"potentialAction\":[{\"@type\":\"ReadAction\",\"target\":[\"https:\\\/\\\/www.helvar.be\\\/kennis\\\/softwaretraining\\\/\"]}]},{\"@type\":\"BreadcrumbList\",\"@id\":\"https:\\\/\\\/www.helvar.be\\\/kennis\\\/softwaretraining\\\/#breadcrumb\",\"itemListElement\":[{\"@type\":\"ListItem\",\"position\":1,\"name\":\"Home\",\"item\":\"https:\\\/\\\/www.helvar.be\\\/home\\\/\"},{\"@type\":\"ListItem\",\"position\":2,\"name\":\"Kennis\",\"item\":\"https:\\\/\\\/www.helvar.be\\\/kennis\\\/\"},{\"@type\":\"ListItem\",\"position\":3,\"name\":\"Softwaretraining\"}]},{\"@type\":\"WebSite\",\"@id\":\"https:\\\/\\\/www.helvar.be\\\/#website\",\"url\":\"https:\\\/\\\/www.helvar.be\\\/\",\"name\":\"Helvar\",\"description\":\"Specialist in intelligente oplossingen voor de verlichtings\u00adindustrie\",\"potentialAction\":[{\"@type\":\"SearchAction\",\"target\":{\"@type\":\"EntryPoint\",\"urlTemplate\":\"https:\\\/\\\/www.helvar.be\\\/?s={search_term_string}\"},\"query-input\":{\"@type\":\"PropertyValueSpecification\",\"valueRequired\":true,\"valueName\":\"search_term_string\"}}],\"inLanguage\":\"fr-FR\"}]}<\/script>\n<!-- \/ Yoast SEO plugin. -->","yoast_head_json":{"title":"Formation aux logiciels - Helvar","robots":{"index":"index","follow":"follow","max-snippet":"max-snippet:-1","max-image-preview":"max-image-preview:large","max-video-preview":"max-video-preview:-1"},"canonical":"https:\/\/www.helvar.be\/fr\/connaissances\/formation-aux-logiciels\/","og_locale":"fr_FR","og_type":"article","og_title":"Softwaretraining - Helvar","og_url":"https:\/\/www.helvar.be\/fr\/connaissances\/formation-aux-logiciels\/","og_site_name":"Helvar","article_modified_time":"2025-08-29T06:59:27+00:00","twitter_card":"summary_large_image","twitter_misc":{"Dur\u00e9e de lecture estim\u00e9e":"2 minutes"},"schema":{"@context":"https:\/\/schema.org","@graph":[{"@type":"WebPage","@id":"https:\/\/www.helvar.be\/kennis\/softwaretraining\/","url":"https:\/\/www.helvar.be\/kennis\/softwaretraining\/","name":"Formation aux logiciels - Helvar","isPartOf":{"@id":"https:\/\/www.helvar.be\/#website"},"datePublished":"2024-12-13T07:41:26+00:00","dateModified":"2025-08-29T06:59:27+00:00","breadcrumb":{"@id":"https:\/\/www.helvar.be\/kennis\/softwaretraining\/#breadcrumb"},"inLanguage":"fr-FR","potentialAction":[{"@type":"ReadAction","target":["https:\/\/www.helvar.be\/kennis\/softwaretraining\/"]}]},{"@type":"BreadcrumbList","@id":"https:\/\/www.helvar.be\/kennis\/softwaretraining\/#breadcrumb","itemListElement":[{"@type":"ListItem","position":1,"name":"Home","item":"https:\/\/www.helvar.be\/home\/"},{"@type":"ListItem","position":2,"name":"Kennis","item":"https:\/\/www.helvar.be\/kennis\/"},{"@type":"ListItem","position":3,"name":"Softwaretraining"}]},{"@type":"WebSite","@id":"https:\/\/www.helvar.be\/#website","url":"https:\/\/www.helvar.be\/","name":"Helvar","description":"Sp\u00e9cialiste des solutions intelligentes pour l'industrie de l'\u00e9clairage","potentialAction":[{"@type":"SearchAction","target":{"@type":"EntryPoint","urlTemplate":"https:\/\/www.helvar.be\/?s={search_term_string}"},"query-input":{"@type":"PropertyValueSpecification","valueRequired":true,"valueName":"search_term_string"}}],"inLanguage":"fr-FR"}]}},"_links":{"self":[{"href":"https:\/\/www.helvar.be\/fr\/wp-json\/wp\/v2\/pages\/4272","targetHints":{"allow":["GET"]}}],"collection":[{"href":"https:\/\/www.helvar.be\/fr\/wp-json\/wp\/v2\/pages"}],"about":[{"href":"https:\/\/www.helvar.be\/fr\/wp-json\/wp\/v2\/types\/page"}],"author":[{"embeddable":true,"href":"https:\/\/www.helvar.be\/fr\/wp-json\/wp\/v2\/users\/6"}],"replies":[{"embeddable":true,"href":"https:\/\/www.helvar.be\/fr\/wp-json\/wp\/v2\/comments?post=4272"}],"version-history":[{"count":13,"href":"https:\/\/www.helvar.be\/fr\/wp-json\/wp\/v2\/pages\/4272\/revisions"}],"predecessor-version":[{"id":10980,"href":"https:\/\/www.helvar.be\/fr\/wp-json\/wp\/v2\/pages\/4272\/revisions\/10980"}],"up":[{"embeddable":true,"href":"https:\/\/www.helvar.be\/fr\/wp-json\/wp\/v2\/pages\/29"}],"wp:attachment":[{"href":"https:\/\/www.helvar.be\/fr\/wp-json\/wp\/v2\/media?parent=4272"}],"curies":[{"name":"wp","href":"https:\/\/api.w.org\/{rel}","templated":true}]}}